{"id":21860,"date":"2021-01-10T16:46:54","date_gmt":"2021-01-10T13:46:54","guid":{"rendered":"https:\/\/sd.interkeydijital.com\/?page_id=21860"},"modified":"2024-05-31T12:46:31","modified_gmt":"2024-05-31T09:46:31","slug":"e-bultenler","status":"publish","type":"page","link":"https:\/\/www.sivildusun.net\/yedek18062024\/haber-al\/e-bultenler\/","title":{"rendered":"E B\u00fcltenler"},"content":{"rendered":"\t<section class=\"section\" id=\"section_1470201133\">\n\t\t<div class=\"bg section-bg fill bg-fill  bg-loaded\" >\n\n\t\t\t\n\t\t\t<div class=\"loading-spin centered\"><\/div>\n\t\t\t\n\n\t\t<\/div>\n\n\t\t\n\n\t\t<div class=\"section-content relative\">\n\t\t\t\n<div class=\"row row-divided\"  id=\"row-600916211\">\n\n\t<div id=\"col-1415807843\" class=\"col rightsidebar medium-3 small-12 large-3\"  >\n\t\t\t\t<div class=\"col-inner\"  >\n\t\t\t\n\t\t\t\n<div class=\"row row-box-shadow-3\"  id=\"row-450647160\">\n\n\n\t<div id=\"col-577304894\" class=\"col small-12 large-12\"  >\n\t\t\t\t<div class=\"col-inner\"  >\n\t\t\t\n\t\t\t\n\n\n\t\t<div class=\"icon-box featured-box icon-box-left text-left\"  >\n\t\t\t\t<div class=\"icon-box-text last-reset\">\n\t\t\t\t\t\t\t\t\t\n\n\t<div id=\"gap-1756000165\" class=\"gap-element clearfix\" style=\"display:block; height:auto;\">\n\t\t\n<style>\n#gap-1756000165 {\n  padding-top: 6px;\n}\n<\/style>\n\t<\/div>\n\t\n\n<h3>Haber Al<\/h3>\n<div class=\"is-divider divider clearfix\" style=\"max-width:100%;background-color:rgb(233, 72, 63);\"><\/div>\n\n\n\t\t<\/div>\n\t<\/div>\n\t\n\t\n<p>[bellows config_id=\"main\" menu=\"3225\"]<\/p>\n\n\t\t<\/div>\n\t\t\t\t\t<\/div>\n\n\t\n\n\n<style>\n#row-450647160 > .col > .col-inner {\n  padding: 10px 10px 10px 10px;\n}\n<\/style>\n<\/div>\n\t\t<\/div>\n\t\t\t\t\n<style>\n#col-1415807843 > .col-inner {\n  padding: 0px 22px 0px 0px;\n}\n<\/style>\n\t<\/div>\n\n\t\n\n\t<div id=\"col-268869132\" class=\"col medium-9 small-12 large-9 small-col-first\"  >\n\t\t\t\t<div class=\"col-inner\"  >\n\t\t\t\n\t\t\t\n<h3 style=\"font-size: 1.6em;\">S\u0130V\u0130L D\u00dc\u015e\u00dcN E-B\u00dcLTENLER<\/h3>\n<p>&nbsp;<\/p>\n<div class=\"is-divider divider clearfix\" style=\"max-width:100%;height:1px;\"><\/div>\n<div class=\"accordion\">\n\t<div id=\"accordion-3123748881\" class=\"accordion-item\">\n\t\t<a id=\"accordion-3123748881-label\" class=\"accordion-title plain active\" href=\"#accordion-item-2024-e-b\u00fclten\" aria-expanded=\"true\" aria-controls=\"accordion-3123748881-content\" >\n\t\t\t<button class=\"toggle\" aria-label=\"A\u00e7\/Kapat\"><i class=\"icon-angle-down\"><\/i><\/button>\n\t\t\t<span>2024 E-B\u00fclten<\/span>\n\t\t<\/a>\n\t\t<div id=\"accordion-3123748881-content\" class=\"accordion-inner\" style=\"display: block;\" aria-labelledby=\"accordion-3123748881-label\" >\n\t\t\t\n<ul>\n<li><a href=\"https:\/\/mailchi.mp\/sivildusun\/mayis24\" target=\"_blank\" rel=\"noopener\">May\u0131s 2024<\/a><\/li>\n<li><a href=\"https:\/\/mailchi.mp\/sivildusun\/nisan24\" target=\"_blank\" rel=\"noopener\">Nisan 2024<\/a><\/li>\n<li><a href=\"https:\/\/mailchi.mp\/sivildusun\/mart24\" target=\"_blank\" rel=\"noopener\">Mart 2024<\/a><\/li>\n<li><a href=\"https:\/\/mailchi.mp\/sivildusun\/subat24\" target=\"_blank\" rel=\"noopener\">\u015eubat 2024<\/a><\/li>\n<li><a href=\"https:\/\/mailchi.mp\/sivildusun\/ocak24\" target=\"_blank\" rel=\"noopener\">Ocak 2024<\/a><\/li>\n<\/ul>\n\t\t<\/div>\n\t<\/div>\n\t\n\t<div id=\"accordion-299704470\" class=\"accordion-item\">\n\t\t<a id=\"accordion-299704470-label\" class=\"accordion-title plain\" href=\"#accordion-item-2023-e-b\u00fclten\" aria-expanded=\"false\" aria-controls=\"accordion-299704470-content\" >\n\t\t\t<button class=\"toggle\" aria-label=\"A\u00e7\/Kapat\"><i class=\"icon-angle-down\"><\/i><\/button>\n\t\t\t<span>2023 E-B\u00fclten<\/span>\n\t\t<\/a>\n\t\t<div id=\"accordion-299704470-content\" class=\"accordion-inner\" aria-labelledby=\"accordion-299704470-label\" >\n\t\t\t\n<ul>\n<li><a href=\"https:\/\/mailchi.mp\/sivildusun\/aralik23\">Aral\u0131k 2023<\/a><\/li>\n<li><a href=\"https:\/\/mailchi.mp\/sivildusun\/kasim23\">Kas\u0131m 2023<\/a><\/li>\n<li><a href=\"https:\/\/mailchi.mp\/sivildusun\/ekim23\">Ekim 2023<\/a><\/li>\n<li><a href=\"https:\/\/mailchi.mp\/sivildusun\/eylul23\">Eyl\u00fcl 2023\u00a0<\/a><\/li>\n<li><a href=\"https:\/\/mailchi.mp\/sivildusun\/agustos23\">A\u011fustos 2023<\/a><\/li>\n<li><a href=\"https:\/\/mailchi.mp\/sivildusun\/temmuz23\">Temmuz 2023<\/a><\/li>\n<li><a href=\"https:\/\/mailchi.mp\/sivildusun\/aylik_bulten_haziran23\">Haziran 2023<\/a><\/li>\n<li><a href=\"https:\/\/mailchi.mp\/sivildusun\/aylik_bulten_mayis23\">May\u0131s 2023<\/a><\/li>\n<li><a href=\"https:\/\/mailchi.mp\/sivildusun\/sivil_dusun-nisan23-aylik-bulten\">Nisan 2023<\/a><\/li>\n<li><a href=\"http:\/\/mailchi.mp\/sivildusun\/sivil-dusun-aylik-faydali-haberler-mart-23\">Mart 2023\u00a0<\/a><\/li>\n<li><a href=\"https:\/\/mailchi.mp\/sivildusun\/sivil-dusun-zor-zaman-guc-veren-hikayeler\">Mart 2023-Deprem \u00d6zel<\/a><\/li>\n<li><\/li>\n<\/ul>\n<div id=\"gtx-trans\" style=\"position: absolute; left: 39px; top: -11.6094px;\">\n<div class=\"gtx-trans-icon\"><\/div>\n<\/div>\n\t\t<\/div>\n\t<\/div>\n\t\n\t<div id=\"accordion-4084638881\" class=\"accordion-item\">\n\t\t<a id=\"accordion-4084638881-label\" class=\"accordion-title plain\" href=\"#accordion-item-2022-e-b\u00fclten\" aria-expanded=\"false\" aria-controls=\"accordion-4084638881-content\" >\n\t\t\t<button class=\"toggle\" aria-label=\"A\u00e7\/Kapat\"><i class=\"icon-angle-down\"><\/i><\/button>\n\t\t\t<span>2022 E-B\u00fclten<\/span>\n\t\t<\/a>\n\t\t<div id=\"accordion-4084638881-content\" class=\"accordion-inner\" aria-labelledby=\"accordion-4084638881-label\" >\n\t\t\t\n<ul>\n<li><a href=\"https:\/\/mailchi.mp\/sivildusun\/bizi-baglayan-seyler-9078153\">Kas\u0131m 2022<\/a><\/li>\n<li><a href=\"https:\/\/www.sivildusun.net\/yedek18062024\/sivil-dusun-ve-sivil-toplumdan-aylik-faydali-haberler-eylul-22\/\">Eyl\u00fcl 2022<\/a><\/li>\n<li><a href=\"https:\/\/www.sivildusun.net\/yedek18062024\/sivil-toplumdan-aylik-faydali-haberler-etkinlik-yayin-is-firsati-hibe\/\">May\u0131s 2022<\/a><\/li>\n<li><a href=\"https:\/\/us14.campaign-archive.com\/?e=f05cb0cac8&amp;u=a153d464a1099ee3605dabf5f&amp;id=4bfd739651\">Nisan 2022<\/a><\/li>\n<li><a href=\"https:\/\/mailchi.mp\/sivildusun\/sivil-dn-yi-akamlar-diler-aylk-faydal-haberler-8984061\">Mart 2022<\/a><\/li>\n<li><a href=\"https:\/\/mailchi.mp\/sivildusun\/sivil-dn-yi-akamlar-diler-aylk-faydal-haberler-8947657\" target=\"_blank\" rel=\"noopener noreferrer\">Ocak 2022<\/a><\/li>\n<\/ul>\n\t\t<\/div>\n\t<\/div>\n\t\n\t<div id=\"accordion-3459475054\" class=\"accordion-item\">\n\t\t<a id=\"accordion-3459475054-label\" class=\"accordion-title plain\" href=\"#accordion-item-2021-e-b\u00fclten\" aria-expanded=\"false\" aria-controls=\"accordion-3459475054-content\" >\n\t\t\t<button class=\"toggle\" aria-label=\"A\u00e7\/Kapat\"><i class=\"icon-angle-down\"><\/i><\/button>\n\t\t\t<span>2021 E-B\u00fclten<\/span>\n\t\t<\/a>\n\t\t<div id=\"accordion-3459475054-content\" class=\"accordion-inner\" aria-labelledby=\"accordion-3459475054-label\" >\n\t\t\t\n<ul>\n<li><a href=\"https:\/\/mailchi.mp\/sivildusun\/sivil-dn-yi-akamlar-diler-aylk-faydal-haberler-8274307?e=092bee17ad\">Aral\u0131k 2021\u00a0<\/a><\/li>\n<li><a href=\"https:\/\/mailchi.mp\/sivildusun\/sivil-dn-yi-akamlar-diler-aylk-faydal-haberler-8271323?e=092bee17ad\" target=\"_blank\" rel=\"noopener\">Kas\u0131m 2021<\/a><\/li>\n<li><a href=\"https:\/\/bit.ly\/SD-Bulten-XI\" target=\"_blank\" rel=\"noopener\">Eyl\u00fcl 2021<\/a><\/li>\n<li><a href=\"https:\/\/us14.campaign-archive.com\/?e=__test_email__&amp;u=a153d464a1099ee3605dabf5f&amp;id=03f6f0b78e\" target=\"_blank\" rel=\"noopener\">May\u0131s 2021<\/a><\/li>\n<li><a href=\"https:\/\/mailchi.mp\/sivildusun\/sivil-dn-yi-akamlar-diler-aylk-faydal-haberler-8254359?e=a36f970b01\">Nisan 2021<\/a><\/li>\n<li><a href=\"https:\/\/mailchi.mp\/sivildusun\/sivil-dn-yi-akamlar-diler-aylk-faydal-haberler-8251039?e=a36f970b01\" target=\"_blank\" rel=\"noopener\">Mart 2021<\/a><\/li>\n<li><a href=\"https:\/\/mailchi.mp\/sivildusun\/sivil-dn-yi-akamlar-diler-aylk-faydal-haberler-8247279?e=a36f970b01\" target=\"_blank\" rel=\"noopener\">\u015eubat 2021<\/a><\/li>\n<li><a href=\"https:\/\/www.sivildusun.net\/yedek18062024\/sivil-dusun-ve-sivil-toplumdan-aylik-faydali-haberler-ocak-21\/\" target=\"_blank\" rel=\"noopener noreferrer\">Ocak 2021<\/a><\/li>\n<\/ul>\n\t\t<\/div>\n\t<\/div>\n\t\n\t<div id=\"accordion-1835593569\" class=\"accordion-item\">\n\t\t<a id=\"accordion-1835593569-label\" class=\"accordion-title plain\" href=\"#accordion-item-2020-e-b\u00fclten\" aria-expanded=\"false\" aria-controls=\"accordion-1835593569-content\" >\n\t\t\t<button class=\"toggle\" aria-label=\"A\u00e7\/Kapat\"><i class=\"icon-angle-down\"><\/i><\/button>\n\t\t\t<span>2020 E-B\u00fclten<\/span>\n\t\t<\/a>\n\t\t<div id=\"accordion-1835593569-content\" class=\"accordion-inner\" aria-labelledby=\"accordion-1835593569-label\" >\n\t\t\t\n<ul>\n<li><a href=\"https:\/\/mailchi.mp\/sivildusun\/sivil-dn-yi-akamlar-diler-aylk-faydal-haberler-1393982?e=092bee17ad\" target=\"_blank\" rel=\"noopener noreferrer\">Aral\u0131k 2020<\/a><\/li>\n<li><a href=\"https:\/\/www.sivildusun.net\/yedek18062024\/sivil-dusun-ve-sivil-toplumdan-aylik-faydali-haberler-kasim-20\/\" target=\"_blank\" rel=\"noopener noreferrer\">Kas\u0131m 2020<\/a><\/li>\n<li><a href=\"https:\/\/mailchi.mp\/sivildusun\/aylik-faydali-haberler-3?e=a36f970b01\" target=\"_blank\" rel=\"noopener noreferrer\">Ekim 2020<\/a><\/li>\n<li><a href=\"https:\/\/mailchi.mp\/sivildusun\/bizi-baglayan-seyler-1380138?e=a36f970b01\" target=\"_blank\" rel=\"noopener noreferrer\">Eyl\u00fcl 2020<\/a><\/li>\n<li><a href=\"https:\/\/mailchi.mp\/sivildusun\/bizi-baglayan-seyler-1375614?e=092bee17ad\" target=\"_blank\" rel=\"noopener noreferrer\">A\u011fustos 2020<\/a><\/li>\n<li>Haziran 2020<br \/>\n<a href=\"https:\/\/mailchi.mp\/sivildusun\/bizi-baglayan-seyler-1364690?e=a36f970b01\" target=\"_blank\" rel=\"noopener\">Bizi Ba\u011flayan \u015eeyler #3<\/a>\n<\/li>\n<li>Nisan 2020<strong><br \/>\n<\/strong><a style=\"font-size: 14.4px;\" href=\"https:\/\/us14.campaign-archive.com\/?u=a153d464a1099ee3605dabf5f&amp;id=451168c178\" target=\"_blank\" rel=\"noopener\">Bizi Ba\u011flayan \u015eeyler #1<\/a><br \/>\n<a style=\"font-size: 14.4px;\" href=\"https:\/\/mailchi.mp\/sivildusun\/bizi-baglayan-seyler-1355574?e=a36f970b01\" target=\"_blank\" rel=\"noopener\">Bizi Ba\u011flayan \u015eeyler #2<\/a><\/li>\n<\/ul>\n\t\t<\/div>\n\t<\/div>\n\t\n\t<div id=\"accordion-2773755843\" class=\"accordion-item\">\n\t\t<a id=\"accordion-2773755843-label\" class=\"accordion-title plain\" href=\"#accordion-item-2019-e-b\u00fclten\" aria-expanded=\"false\" aria-controls=\"accordion-2773755843-content\" >\n\t\t\t<button class=\"toggle\" aria-label=\"A\u00e7\/Kapat\"><i class=\"icon-angle-down\"><\/i><\/button>\n\t\t\t<span>2019 E-B\u00fclten<\/span>\n\t\t<\/a>\n\t\t<div id=\"accordion-2773755843-content\" class=\"accordion-inner\" aria-labelledby=\"accordion-2773755843-label\" >\n\t\t\t\n<ul>\n<li><a href=\"https:\/\/mailchi.mp\/sivildusun\/ocak-2019\" target=\"_blank\" rel=\"noopener noreferrer\">Ocak 2019<\/a><\/li>\n<li><a href=\"https:\/\/mailchi.mp\/sivildusun\/subat-2019\" target=\"_blank\" rel=\"noopener noreferrer\">\u015eubat 2019<\/a><\/li>\n<li><a href=\"https:\/\/mailchi.mp\/sivildusun\/mart-2019\" target=\"_blank\" rel=\"noopener noreferrer\">Mart 2019<\/a><\/li>\n<li><a href=\"https:\/\/mailchi.mp\/sivildusun\/nisan-2019\" target=\"_blank\" rel=\"noopener noreferrer\">Nisan 2019<\/a><\/li>\n<li><a href=\"https:\/\/mailchi.mp\/sivildusun\/mayis-2019\" target=\"_blank\" rel=\"noopener noreferrer\">May\u0131s 2019<\/a><\/li>\n<li><a href=\"https:\/\/mailchi.mp\/sivildusun\/haziran-2019\" target=\"_blank\" rel=\"noopener noreferrer\">Haziran 2019<\/a><\/li>\n<li><a href=\"https:\/\/mailchi.mp\/sivildusun\/temmuz-2019\" target=\"_blank\" rel=\"noopener noreferrer\">Temmuz 2019<\/a><\/li>\n<li><a href=\"https:\/\/mailchi.mp\/sivildusun\/iklim-icin\" target=\"_blank\" rel=\"noopener noreferrer\">Eyl\u00fcl 2019<\/a><\/li>\n<li><a href=\"https:\/\/mailchi.mp\/sivildusun\/ekim-2019\" target=\"_blank\" rel=\"noopener noreferrer\">Ekim 2019\u00a0<\/a><\/li>\n<li><a href=\"https:\/\/mailchi.mp\/sivildusun\/kasim-2019\" target=\"_blank\" rel=\"noopener noreferrer\">Kas\u0131m 2019<\/a><\/li>\n<\/ul>\n\t\t<\/div>\n\t<\/div>\n\t\n\t<div id=\"accordion-1262510183\" class=\"accordion-item\">\n\t\t<a id=\"accordion-1262510183-label\" class=\"accordion-title plain\" href=\"#accordion-item-2018-e-b\u00fclten\" aria-expanded=\"false\" aria-controls=\"accordion-1262510183-content\" >\n\t\t\t<button class=\"toggle\" aria-label=\"A\u00e7\/Kapat\"><i class=\"icon-angle-down\"><\/i><\/button>\n\t\t\t<span>2018 E-B\u00fclten<\/span>\n\t\t<\/a>\n\t\t<div id=\"accordion-1262510183-content\" class=\"accordion-inner\" aria-labelledby=\"accordion-1262510183-label\" >\n\t\t\t\n<ul>\n<li><a href=\"http:\/\/mailchi.mp\/sivildusun\/sivil-dnden-haberler-ah4t40ydk0\" target=\"_blank\" rel=\"noopener noreferrer\">Ocak 2018<\/a><\/li>\n<li><a href=\"https:\/\/mailchi.mp\/sivildusun\/ebulten-subat2018\" target=\"_blank\" rel=\"noopener noreferrer\">\u015eubat 2018<\/a><\/li>\n<li><a href=\"https:\/\/mailchi.mp\/sivildusun\/mart-2018-ebulten\" target=\"_blank\" rel=\"noopener noreferrer\">Mart 2018<\/a><\/li>\n<li><a href=\"https:\/\/mailchi.mp\/sivildusun\/nisan-2018-bulten\" target=\"_blank\" rel=\"noopener noreferrer\">Nisan 2018<\/a><\/li>\n<li><a href=\"https:\/\/mailchi.mp\/sivildusun\/mayis-2018-ebulten\" target=\"_blank\" rel=\"noopener noreferrer\">May\u0131s 2018<\/a><\/li>\n<li><a href=\"https:\/\/mailchi.mp\/sivildusun\/yeni-donem\" target=\"_blank\" rel=\"noopener noreferrer\">Ekim 2018<\/a><\/li>\n<li><a href=\"https:\/\/mailchi.mp\/sivildusun\/kasim-2018-hak-cetelesi\" target=\"_blank\" rel=\"noopener noreferrer\">Kas\u0131m 2018<\/a><\/li>\n<li><a href=\"https:\/\/mailchi.mp\/sivildusun\/aralik-2018\" target=\"_blank\" rel=\"noopener noreferrer\">Aral\u0131k 2018<\/a><\/li>\n<\/ul>\n\t\t<\/div>\n\t<\/div>\n\t\n\t<div id=\"accordion-523618369\" class=\"accordion-item\">\n\t\t<a id=\"accordion-523618369-label\" class=\"accordion-title plain\" href=\"#accordion-item-2017-e-b\u00fclten\" aria-expanded=\"false\" aria-controls=\"accordion-523618369-content\" >\n\t\t\t<button class=\"toggle\" aria-label=\"A\u00e7\/Kapat\"><i class=\"icon-angle-down\"><\/i><\/button>\n\t\t\t<span>2017 E-B\u00fclten<\/span>\n\t\t<\/a>\n\t\t<div id=\"accordion-523618369-content\" class=\"accordion-inner\" aria-labelledby=\"accordion-523618369-label\" >\n\t\t\t\n<ul>\n<li><a href=\"http:\/\/us14.campaign-archive1.com\/?u=a153d464a1099ee3605dabf5f&amp;id=85c327b4b1\" target=\"_blank\" rel=\"noopener\">Ocak 2017<\/a><\/li>\n<li><a href=\"http:\/\/us14.campaign-archive1.com\/?u=a153d464a1099ee3605dabf5f&amp;id=383e5ed50c&amp;e=&#091;UNIQID&#093;\" target=\"_blank\" rel=\"noopener\">\u015eubat 2017<\/a><\/li>\n<li><a href=\"http:\/\/us14.campaign-archive2.com\/?u=a153d464a1099ee3605dabf5f&amp;id=3768c25704\" target=\"_blank\" rel=\"noopener\">Mart 2017<\/a><\/li>\n<li><a href=\"http:\/\/us14.campaign-archive2.com\/?u=a153d464a1099ee3605dabf5f&amp;id=02859c909e\" target=\"_blank\" rel=\"noopener\">Nisan 2017<\/a><\/li>\n<li><a href=\"http:\/\/mailchi.mp\/bb6678e6ae2e\/mayis-sivil-dusun-ebulteni?e=48c0302b52\" target=\"_blank\" rel=\"noopener\">May\u0131s 2017<\/a><\/li>\n<li><a href=\"http:\/\/mailchi.mp\/2f9e5f602bb1\/sivil-dusunden-haberler?e=48c0302b52\" target=\"_blank\" rel=\"noopener\">Haziran 2017<\/a><\/li>\n<li><a href=\"http:\/\/mailchi.mp\/139a6402906d\/sivil-dusunden-haberler?e=%5BUNIQID\" target=\"_blank\" rel=\"noopener\">Temmuz 2017<\/a><\/li>\n<li><a href=\"http:\/\/mailchi.mp\/sivildusun\/sivil-dnden-haberler?e=a111dfbf1e\" target=\"_blank\" rel=\"noopener noreferrer\">A\u011fustos 2017<\/a><\/li>\n<li><a href=\"http:\/\/mailchi.mp\/sivildusun\/sivil-dusunden-haberler?e=48c0302b52\" target=\"_blank\" rel=\"noopener noreferrer\">Eyl\u00fcl 2017<\/a><\/li>\n<li><a href=\"http:\/\/mailchi.mp\/sivildusun\/sivil-dusun-ebulten?e=a111dfbf1e\" target=\"_blank\" rel=\"noopener noreferrer\">Ekim 2017<\/a><\/li>\n<li><a href=\"http:\/\/mailchi.mp\/c25a15962e06\/sivil-dnden-haberler-0h4b4zw4z3\" target=\"_blank\" rel=\"noopener noreferrer\">Kas\u0131m 2017<\/a><\/li>\n<li><a href=\"http:\/\/mailchi.mp\/sivildusun\/bulten-aralik2017?e=48c0302b52\" target=\"_blank\" rel=\"noopener noreferrer\">Aral\u0131k 2017<\/a><\/li>\n<\/ul>\n\t\t<\/div>\n\t<\/div>\n\t\n\t<div id=\"accordion-1496875361\" class=\"accordion-item\">\n\t\t<a id=\"accordion-1496875361-label\" class=\"accordion-title plain\" href=\"#accordion-item-2016-e-b\u00fclten\" aria-expanded=\"false\" aria-controls=\"accordion-1496875361-content\" >\n\t\t\t<button class=\"toggle\" aria-label=\"A\u00e7\/Kapat\"><i class=\"icon-angle-down\"><\/i><\/button>\n\t\t\t<span>2016 E-B\u00fclten<\/span>\n\t\t<\/a>\n\t\t<div id=\"accordion-1496875361-content\" class=\"accordion-inner\" aria-labelledby=\"accordion-1496875361-label\" >\n\t\t\t\n<ul>\n<li><a href=\"http:\/\/us14.campaign-archive1.com\/?u=a153d464a1099ee3605dabf5f&amp;id=e479b7a6ee&amp;e=48c0302b52\" target=\"_blank\" rel=\"noopener\">Eyl\u00fcl 2016<\/a><\/li>\n<li><a href=\"http:\/\/us14.campaign-archive2.com\/?u=a153d464a1099ee3605dabf5f&amp;id=e19507851a&amp;e=48c0302b52\" target=\"_blank\" rel=\"noopener\">Ekim 2016<\/a><\/li>\n<li><a href=\"http:\/\/us14.campaign-archive1.com\/?u=a153d464a1099ee3605dabf5f&amp;id=f5db58c40a&amp;e=48c0302b52\" target=\"_blank\" rel=\"noopener\">Kas\u0131m 2016<\/a><\/li>\n<li><a href=\"http:\/\/us14.campaign-archive1.com\/?u=a153d464a1099ee3605dabf5f&amp;id=4f8df0b869\" target=\"_blank\" rel=\"noopener noreferrer\">Aral\u0131k 2016<\/a><\/li>\n<\/ul>\n\t\t<\/div>\n\t<\/div>\n\t\n<\/div>\n\t\t<\/div>\n\t\t\t\t\t<\/div>\n\n\t\n<\/div>\n\t\t<\/div>\n\n\t\t\n<style>\n#section_1470201133 {\n  padding-top: 30px;\n  padding-bottom: 30px;\n}\n<\/style>\n\t<\/section>\n\t\n","protected":false},"excerpt":{"rendered":"","protected":false},"author":1,"featured_media":23567,"parent":21805,"menu_order":0,"comment_status":"closed","ping_status":"closed","template":"page-blank.php","meta":{"footnotes":""},"_links":{"self":[{"href":"https:\/\/www.sivildusun.net\/yedek18062024\/wp-json\/wp\/v2\/pages\/21860"}],"collection":[{"href":"https:\/\/www.sivildusun.net\/yedek18062024\/wp-json\/wp\/v2\/pages"}],"about":[{"href":"https:\/\/www.sivildusun.net\/yedek18062024\/wp-json\/wp\/v2\/types\/page"}],"author":[{"embeddable":true,"href":"https:\/\/www.sivildusun.net\/yedek18062024\/wp-json\/wp\/v2\/users\/1"}],"replies":[{"embeddable":true,"href":"https:\/\/www.sivildusun.net\/yedek18062024\/wp-json\/wp\/v2\/comments?post=21860"}],"version-history":[{"count":0,"href":"https:\/\/www.sivildusun.net\/yedek18062024\/wp-json\/wp\/v2\/pages\/21860\/revisions"}],"up":[{"embeddable":true,"href":"https:\/\/www.sivildusun.net\/yedek18062024\/wp-json\/wp\/v2\/pages\/21805"}],"wp:featuredmedia":[{"embeddable":true,"href":"https:\/\/www.sivildusun.net\/yedek18062024\/wp-json\/wp\/v2\/media\/23567"}],"wp:attachment":[{"href":"https:\/\/www.sivildusun.net\/yedek18062024\/wp-json\/wp\/v2\/media?parent=21860"}],"curies":[{"name":"wp","href":"https:\/\/api.w.org\/{rel}","templated":true}]}}