{"id":22275,"date":"2021-01-21T15:12:47","date_gmt":"2021-01-21T12:12:47","guid":{"rendered":"https:\/\/sd.interkeydijital.com\/?page_id=22275"},"modified":"2022-03-19T13:02:34","modified_gmt":"2022-03-19T10:02:34","slug":"ay-ortasi-hikayesi","status":"publish","type":"page","link":"https:\/\/www.sivildusun.net\/yedek18062024\/ilham-al\/calisma-hikayeleri\/ay-ortasi-hikayesi\/","title":{"rendered":"Ay Ortas\u0131 Hikayesi"},"content":{"rendered":"\t<section class=\"section\" id=\"section_1609332770\">\n\t\t<div class=\"bg section-bg fill bg-fill  bg-loaded\" >\n\n\t\t\t\n\t\t\t<div class=\"loading-spin centered\"><\/div>\n\t\t\t\n\n\t\t<\/div>\n\n\t\t\n\n\t\t<div class=\"section-content relative\">\n\t\t\t\n<div class=\"row\"  id=\"row-1714693805\">\n\n\t<div id=\"col-1131658183\" class=\"col rightsidebar medium-3 small-12 large-3\"  >\n\t\t\t\t<div class=\"col-inner\"  >\n\t\t\t\n\t\t\t\n<div class=\"row rightsidebar\"  id=\"row-468863991\">\n\n\n\t<div id=\"col-1780514343\" class=\"col small-12 large-12\"  >\n\t\t\t\t<div class=\"col-inner box-shadow-3\"  >\n\t\t\t\n\t\t\t\n\n\n\t\t<div class=\"icon-box featured-box icon-box-left text-left\"  >\n\t\t\t\t<div class=\"icon-box-text last-reset\">\n\t\t\t\t\t\t\t\t\t\n\n\t<div id=\"gap-1981592943\" class=\"gap-element clearfix\" style=\"display:block; height:auto;\">\n\t\t\n<style>\n#gap-1981592943 {\n  padding-top: 6px;\n}\n<\/style>\n\t<\/div>\n\t\n\n<h3>\u0130lham Al<\/h3>\n<div class=\"is-divider divider clearfix\" style=\"max-width:100%;background-color:rgb(233, 72, 63);\"><\/div>\n\n\n\t\t<\/div>\n\t<\/div>\n\t\n\t\n<p>[bellows config_id=\"main\" menu=\"6459\"]<\/p>\n\n\t\t<\/div>\n\t\t\t\t\n<style>\n#col-1780514343 > .col-inner {\n  padding: 0px 10px 0px 10px;\n}\n<\/style>\n\t<\/div>\n\n\t\n\n<\/div>\n\t\t<\/div>\n\t\t\t\t\t<\/div>\n\n\t\n\n\t<div id=\"col-979860661\" class=\"col medium-9 small-12 large-9\"  >\n\t\t\t\t<div class=\"col-inner\"  >\n\t\t\t\n\t\t\t\n\n\t\t<div class=\"icon-box featured-box icon-box-left text-left\"  >\n\t\t\t\t<div class=\"icon-box-text last-reset\">\n\t\t\t\t\t\t\t\t\t\n  <div id=\"page-header-1842992062\" class=\"page-header-wrapper\">\n  <div class=\"page-title light divided-title\">\n\n    \n    <div class=\"page-title-inner container align-center flex-row medium-flex-wrap\" >\n              <div class=\"title-wrapper is-xlarge flex-col text-left medium-text-center\">\n          <h1 class=\"entry-title mb-0\">\n            Ay Ortas\u0131 Hikayesi          <\/h1>\n        <\/div>\n                    <div class=\"title-content flex-col flex-right text-right medium-text-center\">\n        <div class=\"title-breadcrumbs pb-half pt-half\"><\/div>      <\/div>\n    <\/div>\n\n       <\/div>\n  <div class=\"container header-wrapper-divider\"><hr\/><\/div>  <\/div>\n  \n\t<div id=\"gap-1827175622\" class=\"gap-element clearfix\" style=\"display:block; height:auto;\">\n\t\t\n<style>\n#gap-1827175622 {\n  padding-top: 30px;\n}\n<\/style>\n\t<\/div>\n\t\n\t\t<\/div>\n\t<\/div>\n\t\n\t\n<div class=\"row row-collapse align-equal row-box-shadow-1\"  id=\"row-1975979382\">\n\n\t<div id=\"col-172315137\" class=\"col medium-6 small-12 large-6\"  >\n\t\t\t\t<div class=\"col-inner\"  >\n\t\t\t\n\t\t\t\n\n\t\t<div class=\"icon-box featured-box icon-box-left text-left\"  >\n\t\t\t\t\t<div class=\"icon-box-img\" style=\"width: 40px\">\n\t\t\t\t<div class=\"icon\">\n\t\t\t\t\t<div class=\"icon-inner\" style=\"color:rgb(224, 57, 57);\">\n\t\t\t\t\t\t<?xml version=\"1.0\" encoding=\"UTF-8\"?> <svg xmlns=\"http:\/\/www.w3.org\/2000\/svg\" width=\"24\" height=\"24\" viewBox=\"0 0 24 24\"><path d=\"M13.5 8c.276 0 .5.224.5.5v7c0 .276-.224.5-.5.5h-11c-.276 0-.5-.224-.5-.5v-7c0-.276.224-.5.5-.5h11zm2.5 0c0-1.104-.896-2-2-2h-12c-1.104 0-2 .896-2 2v8c0 1.104.896 2 2 2h12c1.104 0 2-.896 2-2v-8zm6 1.854v4.293l-2-1.408v-1.478l2-1.407zm2-3.854l-6 4.223v3.554l6 4.223v-12z\"><\/path><\/svg> \t\t\t\t\t<\/div>\n\t\t\t\t<\/div>\n\t\t\t<\/div>\n\t\t\t\t<div class=\"icon-box-text last-reset\">\n\t\t\t<h5 class=\"uppercase\">V\u0130DEO  | 2021<\/h5>\t\t\t<h6>KASIM H\u0130KAYES\u0130<\/h6>\t\t\t\n<h3>Burcu Ate\u015f\u00a0<\/h3>\n<p>Burcu, Elif ve arkada\u015flar\u0131,\u00a0 oyun hakk\u0131 i\u00e7in \u015fu yapt\u0131\u011f\u0131na bir bakar m\u0131s\u0131n? Sivil D\u00fc\u015f\u00fcn deste\u011fiyle salg\u0131nda evlerde kapal\u0131 kalan m\u00fclteci \u00e7ocuklar\u0131n oyun hakk\u0131 i\u00e7in Birlikte Oyun Birlikte Uyum Rehberini haz\u0131rlad\u0131.\u00a0<\/p>\n<p>O zaman D\u00fcnya \u00c7ocuk Haklar\u0131 G\u00fcn\u00fc kutlu olsun. Hem her biri g\u00fcne\u015fi hak eden \u00e7ocuklar\u0131n hem kafas\u0131 ya\u011fmurluyken de \u00e7ocuklara g\u00fcne\u015f getirmek i\u00e7in harekete ge\u00e7en yeti\u015fkinlerin.<\/p>\n\t\t<\/div>\n\t<\/div>\n\t\n\t\n\t\t<\/div>\n\t\t\t\t\t<\/div>\n\n\t\n\n\t<div id=\"col-1892888720\" class=\"col medium-6 small-12 large-6\"  >\n\t\t\t\t<div class=\"col-inner\"  >\n\t\t\t\n\t\t\t\n\t<div id=\"gap-958472951\" class=\"gap-element clearfix\" style=\"display:block; height:auto;\">\n\t\t\n<style>\n#gap-958472951 {\n  padding-top: 30px;\n}\n<\/style>\n\t<\/div>\n\t\n\t<div id=\"gap-291275339\" class=\"gap-element clearfix\" style=\"display:block; height:auto;\">\n\t\t\n<style>\n#gap-291275339 {\n  padding-top: 30px;\n}\n<\/style>\n\t<\/div>\n\t\n\t<div id=\"gap-1353892607\" class=\"gap-element clearfix\" style=\"display:block; height:auto;\">\n\t\t\n<style>\n#gap-1353892607 {\n  padding-top: 30px;\n}\n<\/style>\n\t<\/div>\n\t\n<div class=\"video video-fit mb\" style=\"padding-top:56.25%;\"><p><iframe title=\"Ay Ortas\u0131 Hikayesi |\u00a0Birlikte Oyun Birlikte Uyum\" width=\"1020\" height=\"574\" src=\"https:\/\/www.youtube.com\/embed\/MwaZb9ufnUo?feature=oembed\" frameborder=\"0\" allow=\"accelerometer; autoplay; clipboard-write; encrypted-media; gyroscope; picture-in-picture; web-share\" referrerpolicy=\"strict-origin-when-cross-origin\" allowfullscreen><\/iframe><\/p>\n<\/div>\n\t\t<\/div>\n\t\t\t\t\n<style>\n#col-1892888720 > .col-inner {\n  padding: 24px 0px 0px 0px;\n}\n<\/style>\n\t<\/div>\n\n\t\n\n\t<div id=\"col-1057719373\" class=\"col medium-6 small-12 large-6\"  >\n\t\t\t\t<div class=\"col-inner\"  >\n\t\t\t\n\t\t\t\n\n\t\t<div class=\"icon-box featured-box icon-box-left text-left\"  >\n\t\t\t\t\t<div class=\"icon-box-img\" style=\"width: 40px\">\n\t\t\t\t<div class=\"icon\">\n\t\t\t\t\t<div class=\"icon-inner\" style=\"color:rgb(224, 57, 57);\">\n\t\t\t\t\t\t<?xml version=\"1.0\" encoding=\"UTF-8\"?> <svg xmlns=\"http:\/\/www.w3.org\/2000\/svg\" height=\"512\" viewBox=\"0 0 56 57\" width=\"512\"><g id=\"Page-1\" fill=\"none\" fill-rule=\"evenodd\"><g id=\"056---Listen-To-Podcast\" fill=\"rgb(0,0,0)\" fill-rule=\"nonzero\"><path id=\"Shape\" d=\"m2 42h-1c-.55228475 0-1-.4477153-1-1v-12c0-.5522847.44771525-1 1-1h1zm8-16v18c0 .5522847-.44771525 1-1 1h-5v-20h5c.55228475 0 1 .4477153 1 1zm18-23c-11.1990817.01396033-20.41671868 8.8136138-20.95 20h-2.05c0-12.7025492 10.2974508-23 23-23s23 10.2974508 23 23h-2c-.5342036-11.2057007-9.7815804-20.01272618-21-20zm24 24v18h-5c-.5522847 0-1-.4477153-1-1v-18c0-.5522847.4477153-1 1-1h5zm4 14c0 .5522847-.4477153 1-1 1h-1v-14h1c.5522847 0 1 .4477153 1 1z\"><\/path><path id=\"Shape\" d=\"m41.05 16.13c.2336522.0004565.4600879-.0809188.64-.23.2045071-.1695482.3331478-.4135008.3575369-.6780285s-.057478-.5278889-.2275369-.7319715c-3.419936-4.0981495-8.4823234-6.46710791-13.82-6.46710791s-10.400064 2.36895841-13.82 6.46710791c-.3534622.4252593-.2952593 1.0565378.13 1.41s1.0565378.2952593 1.41-.13c3.0399666-3.6396197 7.5378245-5.7432169 12.28-5.7432169s9.2400334 2.1035972 12.28 5.7432169c.1903565.2285401.4725678.360483.77.36z\"><\/path><path id=\"Shape\" d=\"m38.9 18.86c.4353218-.3374567.5158001-.963399.18-1.4-2.6510014-3.4323733-6.7430662-5.4423368-11.08-5.4423368s-8.4289986 2.0099635-11.08 5.4423368c-.2965127.4372993-.2016771 1.0298079.2165123 1.3527136.4181894.3229058 1.0154171.2647752 1.3634877-.1327136 2.272144-2.9442198 5.7809855-4.6685609 9.5-4.6685609s7.227856 1.7243411 9.5 4.6685609c.1887926.245247.4805034.3892561.79.39.2209494-.0006878.4354502-.0745323.61-.21z\"><\/path><path id=\"Shape\" d=\"m20 36h5c.5522847 0 1-.4477153 1-1s-.4477153-1-1-1h-5v-2h5c.5522847 0 1-.4477153 1-1s-.4477153-1-1-1h-5v-2h5c.5522847 0 1-.4477153 1-1s-.4477153-1-1-1h-5c0-4.418278 3.581722-8 8-8s8 3.581722 8 8h-5c-.5522847 0-1 .4477153-1 1s.4477153 1 1 1h5v2h-5c-.5522847 0-1 .4477153-1 1s.4477153 1 1 1h5v2h-5c-.5522847 0-1 .4477153-1 1s.4477153 1 1 1h5v2h-16zm15 19c.5522847 0 1 .4477153 1 1v1h-16v-1c0-.5522847.4477153-1 1-1zm-8-2v-3h1 1v3zm1-5c-4.418278 0-8-3.581722-8-8h16c0 4.418278-3.581722 8-8 8z\"><\/path><\/g><\/g><\/svg> \t\t\t\t\t<\/div>\n\t\t\t\t<\/div>\n\t\t\t<\/div>\n\t\t\t\t<div class=\"icon-box-text last-reset\">\n\t\t\t<h5 class=\"uppercase\">PODCAST | 2020<\/h5>\t\t\t<h6>KASIM H\u0130KAYES\u0130<\/h6>\t\t\t\n<h3>Ya\u015famda Kad\u0131n ve Sanat Derne\u011fi<\/h3>\n<p>Evde ge\u00e7irdi\u011fimiz g\u00fcnler geri geldi. \u0130yi taraf\u0131ndan bakarsak, d\u00fc\u015f\u00fcnmek, \u00fcretmek ve biriktirmek i\u00e7in bolca zaman\u0131m\u0131z olacak.<\/p>\n<p>Ya\u015famda Kad\u0131n ve Sanat Derne\u011f\u0130 kad\u0131nlara, kendi hikayelerini anlatmalar\u0131 i\u00e7in a\u00e7t\u0131\u011f\u0131 bu \u00f6zel alan, hepimize ilham olsun!<\/p>\n\t\t<\/div>\n\t<\/div>\n\t\n\t\n\t\t<\/div>\n\t\t\t\t\t<\/div>\n\n\t\n\n\t<div id=\"col-1455746442\" class=\"col medium-6 small-12 large-6\"  >\n\t\t\t\t<div class=\"col-inner\"  >\n\t\t\t\n\t\t\t\n\t<div id=\"gap-1945206469\" class=\"gap-element clearfix\" style=\"display:block; height:auto;\">\n\t\t\n<style>\n#gap-1945206469 {\n  padding-top: 30px;\n}\n<\/style>\n\t<\/div>\n\t\n<div class=\"video video-fit mb\" style=\"padding-top:56.25%;\"><p><iframe title=\"Podcast \ud83c\udfa7  Ay Ortas\u0131 Hikayesi |\u00a0Ya\u015famda Kad\u0131n ve Sanat Derne\u011fi\" width=\"1020\" height=\"574\" src=\"https:\/\/www.youtube.com\/embed\/Bf0FnJ9H52g?feature=oembed\" frameborder=\"0\" allow=\"accelerometer; autoplay; clipboard-write; encrypted-media; gyroscope; picture-in-picture; web-share\" referrerpolicy=\"strict-origin-when-cross-origin\" allowfullscreen><\/iframe><\/p>\n<\/div>\n\t\t<\/div>\n\t\t\t\t\t<\/div>\n\n\t\n\n<style>\n#row-1975979382 > .col > .col-inner {\n  padding: 30px 30px 30px 30px;\n  background-color: rgb(255,255,255);\n}\n<\/style>\n<\/div>\n\t<div id=\"gap-771207543\" class=\"gap-element clearfix\" style=\"display:block; height:auto;\">\n\t\t\n<style>\n#gap-771207543 {\n  padding-top: 30px;\n}\n<\/style>\n\t<\/div>\n\t\n<div class=\"row row-collapse align-equal row-box-shadow-1\"  id=\"row-2007858876\">\n\n\t<div id=\"col-1906218040\" class=\"col medium-6 small-12 large-6\"  >\n\t\t\t\t<div class=\"col-inner\"  >\n\t\t\t\n\t\t\t\n\n\t\t<div class=\"icon-box featured-box icon-box-left text-left\"  >\n\t\t\t\t\t<div class=\"icon-box-img\" style=\"width: 40px\">\n\t\t\t\t<div class=\"icon\">\n\t\t\t\t\t<div class=\"icon-inner\" style=\"color:rgb(224, 57, 57);\">\n\t\t\t\t\t\t<?xml version=\"1.0\" encoding=\"UTF-8\"?> <svg xmlns=\"http:\/\/www.w3.org\/2000\/svg\" height=\"512\" viewBox=\"0 0 56 57\" width=\"512\"><g id=\"Page-1\" fill=\"none\" fill-rule=\"evenodd\"><g id=\"056---Listen-To-Podcast\" fill=\"rgb(0,0,0)\" fill-rule=\"nonzero\"><path id=\"Shape\" d=\"m2 42h-1c-.55228475 0-1-.4477153-1-1v-12c0-.5522847.44771525-1 1-1h1zm8-16v18c0 .5522847-.44771525 1-1 1h-5v-20h5c.55228475 0 1 .4477153 1 1zm18-23c-11.1990817.01396033-20.41671868 8.8136138-20.95 20h-2.05c0-12.7025492 10.2974508-23 23-23s23 10.2974508 23 23h-2c-.5342036-11.2057007-9.7815804-20.01272618-21-20zm24 24v18h-5c-.5522847 0-1-.4477153-1-1v-18c0-.5522847.4477153-1 1-1h5zm4 14c0 .5522847-.4477153 1-1 1h-1v-14h1c.5522847 0 1 .4477153 1 1z\"><\/path><path id=\"Shape\" d=\"m41.05 16.13c.2336522.0004565.4600879-.0809188.64-.23.2045071-.1695482.3331478-.4135008.3575369-.6780285s-.057478-.5278889-.2275369-.7319715c-3.419936-4.0981495-8.4823234-6.46710791-13.82-6.46710791s-10.400064 2.36895841-13.82 6.46710791c-.3534622.4252593-.2952593 1.0565378.13 1.41s1.0565378.2952593 1.41-.13c3.0399666-3.6396197 7.5378245-5.7432169 12.28-5.7432169s9.2400334 2.1035972 12.28 5.7432169c.1903565.2285401.4725678.360483.77.36z\"><\/path><path id=\"Shape\" d=\"m38.9 18.86c.4353218-.3374567.5158001-.963399.18-1.4-2.6510014-3.4323733-6.7430662-5.4423368-11.08-5.4423368s-8.4289986 2.0099635-11.08 5.4423368c-.2965127.4372993-.2016771 1.0298079.2165123 1.3527136.4181894.3229058 1.0154171.2647752 1.3634877-.1327136 2.272144-2.9442198 5.7809855-4.6685609 9.5-4.6685609s7.227856 1.7243411 9.5 4.6685609c.1887926.245247.4805034.3892561.79.39.2209494-.0006878.4354502-.0745323.61-.21z\"><\/path><path id=\"Shape\" d=\"m20 36h5c.5522847 0 1-.4477153 1-1s-.4477153-1-1-1h-5v-2h5c.5522847 0 1-.4477153 1-1s-.4477153-1-1-1h-5v-2h5c.5522847 0 1-.4477153 1-1s-.4477153-1-1-1h-5c0-4.418278 3.581722-8 8-8s8 3.581722 8 8h-5c-.5522847 0-1 .4477153-1 1s.4477153 1 1 1h5v2h-5c-.5522847 0-1 .4477153-1 1s.4477153 1 1 1h5v2h-5c-.5522847 0-1 .4477153-1 1s.4477153 1 1 1h5v2h-16zm15 19c.5522847 0 1 .4477153 1 1v1h-16v-1c0-.5522847.4477153-1 1-1zm-8-2v-3h1 1v3zm1-5c-4.418278 0-8-3.581722-8-8h16c0 4.418278-3.581722 8-8 8z\"><\/path><\/g><\/g><\/svg> \t\t\t\t\t<\/div>\n\t\t\t\t<\/div>\n\t\t\t<\/div>\n\t\t\t\t<div class=\"icon-box-text last-reset\">\n\t\t\t<h5 class=\"uppercase\">PODCAST | 2020<\/h5>\t\t\t<h6>HAZ\u0130RAN H\u0130KAYES\u0130<\/h6>\t\t\t\n<h3>L\u0130STAG\/ LGBT\u0130+ Aileleri ve Yak\u0131nlar\u0131 Grubu<\/h3>\n<p>Onur ay\u0131n\u0131 kutlarken, biz de ay\u0131n ortas\u0131na ve y\u0131l\u0131n en uzun g\u00fcn\u00fcne ufak bir hikaye b\u0131rakmak istedik:<\/p>\n\t\t<\/div>\n\t<\/div>\n\t\n\t\n\t\t<\/div>\n\t\t\t\t\t<\/div>\n\n\t\n\n\t<div id=\"col-251051253\" class=\"col medium-6 small-12 large-6\"  >\n\t\t\t\t<div class=\"col-inner\"  >\n\t\t\t\n\t\t\t\n<div class=\"video video-fit mb\" style=\"padding-top:56.25%;\"><p><iframe title=\"Ay Ortas\u0131 Hikayesi |\u00a0L\u0130STAG\/ LGBT\u0130+ Aileleri ve Yak\u0131nlar\u0131 Grubu\" width=\"1020\" height=\"574\" src=\"https:\/\/www.youtube.com\/embed\/iBeDkXIL4Ss?feature=oembed\" frameborder=\"0\" allow=\"accelerometer; autoplay; clipboard-write; encrypted-media; gyroscope; picture-in-picture; web-share\" referrerpolicy=\"strict-origin-when-cross-origin\" allowfullscreen><\/iframe><\/p>\n<\/div>\n\t\t<\/div>\n\t\t\t\t\n<style>\n#col-251051253 > .col-inner {\n  padding: 24px 0px 0px 0px;\n}\n<\/style>\n\t<\/div>\n\n\t\n\n<style>\n#row-2007858876 > .col > .col-inner {\n  padding: 30px 30px 30px 30px;\n  background-color: rgb(255,255,255);\n}\n<\/style>\n<\/div>\n\t\t<\/div>\n\t\t\t\t\t<\/div>\n\n\t\n<\/div>\n\t\t<\/div>\n\n\t\t\n<style>\n#section_1609332770 {\n  padding-top: 30px;\n  padding-bottom: 30px;\n}\n<\/style>\n\t<\/section>\n\t\n","protected":false},"excerpt":{"rendered":"","protected":false},"author":6,"featured_media":23567,"parent":22273,"menu_order":0,"comment_status":"closed","ping_status":"closed","template":"page-blank.php","meta":{"footnotes":""},"_links":{"self":[{"href":"https:\/\/www.sivildusun.net\/yedek18062024\/wp-json\/wp\/v2\/pages\/22275"}],"collection":[{"href":"https:\/\/www.sivildusun.net\/yedek18062024\/wp-json\/wp\/v2\/pages"}],"about":[{"href":"https:\/\/www.sivildusun.net\/yedek18062024\/wp-json\/wp\/v2\/types\/page"}],"author":[{"embeddable":true,"href":"https:\/\/www.sivildusun.net\/yedek18062024\/wp-json\/wp\/v2\/users\/6"}],"replies":[{"embeddable":true,"href":"https:\/\/www.sivildusun.net\/yedek18062024\/wp-json\/wp\/v2\/comments?post=22275"}],"version-history":[{"count":0,"href":"https:\/\/www.sivildusun.net\/yedek18062024\/wp-json\/wp\/v2\/pages\/22275\/revisions"}],"up":[{"embeddable":true,"href":"https:\/\/www.sivildusun.net\/yedek18062024\/wp-json\/wp\/v2\/pages\/22273"}],"wp:featuredmedia":[{"embeddable":true,"href":"https:\/\/www.sivildusun.net\/yedek18062024\/wp-json\/wp\/v2\/media\/23567"}],"wp:attachment":[{"href":"https:\/\/www.sivildusun.net\/yedek18062024\/wp-json\/wp\/v2\/media?parent=22275"}],"curies":[{"name":"wp","href":"https:\/\/api.w.org\/{rel}","templated":true}]}}