{"id":22618,"date":"2021-01-31T22:37:14","date_gmt":"2021-01-31T19:37:14","guid":{"rendered":"https:\/\/sd.interkeydijital.com\/?page_id=22618"},"modified":"2021-03-02T20:22:49","modified_gmt":"2021-03-02T17:22:49","slug":"egitimler","status":"publish","type":"page","link":"https:\/\/www.sivildusun.net\/yedek18062024\/yer-al\/egitimler\/","title":{"rendered":"E\u011fitimler"},"content":{"rendered":"\t<section class=\"section\" id=\"section_2134390811\">\n\t\t<div class=\"bg section-bg fill bg-fill  bg-loaded\" >\n\n\t\t\t\n\t\t\t<div class=\"loading-spin centered\"><\/div>\n\t\t\t\n\n\t\t<\/div>\n\n\t\t\n\n\t\t<div class=\"section-content relative\">\n\t\t\t\n<div class=\"row\"  id=\"row-941506836\">\n\n\t<div id=\"col-150129089\" class=\"col medium-3 small-12 large-3\"  >\n\t\t\t\t<div class=\"col-inner\"  >\n\t\t\t\n\t\t\t\n<div class=\"row rightsidebar\"  id=\"row-705978239\">\n\n\n\t<div id=\"col-1314413497\" class=\"col small-12 large-12\"  >\n\t\t\t\t<div class=\"col-inner box-shadow-3\"  >\n\t\t\t\n\t\t\t\n\n\n\t\t<div class=\"icon-box featured-box icon-box-left text-left\"  >\n\t\t\t\t<div class=\"icon-box-text last-reset\">\n\t\t\t\t\t\t\t\t\t\n\n\t<div id=\"gap-1440944678\" class=\"gap-element clearfix\" style=\"display:block; height:auto;\">\n\t\t\n<style>\n#gap-1440944678 {\n  padding-top: 6px;\n}\n<\/style>\n\t<\/div>\n\t\n\n<h3>Yer Al<\/h3>\n<div class=\"is-divider divider clearfix\" style=\"max-width:100%;background-color:rgb(233, 72, 63);\"><\/div>\n\n\n\t\t<\/div>\n\t<\/div>\n\t\n\t\n<p>[bellows config_id=\"main\" menu=\"6465\"]<\/p>\n\n\t\t<\/div>\n\t\t\t\t\n<style>\n#col-1314413497 > .col-inner {\n  padding: 0px 10px 0px 10px;\n}\n<\/style>\n\t<\/div>\n\n\t\n\n<\/div>\n\t\t<\/div>\n\t\t\t\t\t<\/div>\n\n\t\n\n\t<div id=\"col-13938116\" class=\"col medium-9 small-12 large-9\"  >\n\t\t\t\t<div class=\"col-inner\"  >\n\t\t\t\n\t\t\t\n<div class=\"row align-equal row-dashed\"  id=\"row-8766961\">\n\n\t<div id=\"col-645453741\" class=\"col small-12 large-12\"  >\n\t\t\t\t<div class=\"col-inner\"  >\n\t\t\t\n\t\t\t\n\n\t\t<div class=\"icon-box featured-box icon-box-left text-left\"  >\n\t\t\t\t<div class=\"icon-box-text last-reset\">\n\t\t\t\t\t\t\t\t\t\n  <div id=\"page-header-742392452\" class=\"page-header-wrapper\">\n  <div class=\"page-title light divided-title\">\n\n    \n    <div class=\"page-title-inner container align-center flex-row medium-flex-wrap\" >\n              <div class=\"title-wrapper is-xlarge flex-col text-left medium-text-center\">\n          <h1 class=\"entry-title mb-0\">\n            E\u011fitimler          <\/h1>\n        <\/div>\n                    <div class=\"title-content flex-col flex-right text-right medium-text-center\">\n        <div class=\"title-breadcrumbs pb-half pt-half\"><\/div>      <\/div>\n    <\/div>\n\n       <\/div>\n  <div class=\"container header-wrapper-divider\"><hr\/><\/div>  <\/div>\n  \n\t\t<\/div>\n\t<\/div>\n\t\n\t\n\t<div id=\"gap-752883847\" class=\"gap-element clearfix\" style=\"display:block; height:auto;\">\n\t\t\n<style>\n#gap-752883847 {\n  padding-top: 30px;\n}\n<\/style>\n\t<\/div>\n\t\n\t<div id=\"text-2930247522\" class=\"text yesil-bullet\">\n\t\t\n<p><span style=\"font-size: 110%;\"><strong>Yak\u0131nda Ba\u015fl\u0131yor: Eski ve yeni ihtiya\u00e7lara Sivil D\u00fc\u015f\u00fcn e\u011fitimleri<\/strong><\/span><\/p>\n<p><em>Sivil toplumun eski ve yeni ihtiya\u00e7lar\u0131na g\u00f6re bi\u00e7imlendirilen geleneksel Sivil D\u00fc\u015f\u00fcn e\u011fitimleri, farkl\u0131 dijital y\u00f6ntemlerle yak\u0131nda ba\u015fl\u0131yor. <\/em><\/p>\n<p>Sivil D\u00fc\u015f\u00fcn, sivil topluma, hak odakl\u0131 \u00e7al\u0131\u015fmalar\u0131 i\u00e7in destek sunman\u0131n yan\u0131 s\u0131ra, farkl\u0131 \u00a0alanlarda bilgi ve beceri geli\u015ftirebilecekleri e\u011fitim f\u0131rsatlar\u0131 da yaratmaya devam ediyor.<\/p>\n<p>Canl\u0131 olarak, e-\u00f6\u011frenme portal\u0131 \u00fczerinden, webinarlar arac\u0131l\u0131\u011f\u0131yla veya ilerleyen zamanlarda y\u00fcz y\u00fcze gibi farkl\u0131 se\u00e7eneklerle sunulacak yeni e\u011fitimler, \u00e7ok yak\u0131nda, sivil toplum \u00f6rg\u00fct\u00fc temsilcileri aktivistler ve g\u00f6n\u00fcll\u00fclerle bulu\u015facak.<\/p>\n<p>Sivil D\u00fc\u015f\u00fcn sivil topluma, hangi alanlarda uzmanl\u0131k geli\u015ftirmek isterdiniz; en \u00e7ok neyi \u00f6\u011frenmeye ihtiya\u00e7 duyuyorsunuz diye sordu; e\u011fitim program\u0131n\u0131 ald\u0131\u011f\u0131 cevaplarla \u015fekillendirdi. Yeni beceriler geli\u015ftirmek; s\u00f6z ve yetki sahiplerini etkilemek; sesinizi duyurmak ya da organizasyonel kapasitenizi g\u00fc\u00e7lendirmek i\u00e7in e\u011fitimlerden yararlanabilirsiniz.<\/p>\n<p><strong>E\u011fitimler hangi alanlarda verilecek?<\/strong><\/p>\n<ul>\n<li>Hak Odakl\u0131 Yakla\u015f\u0131m ve \u0130yi Uygulama \u00d6rnekleri<\/li>\n<li>Sivil Toplum: Nereden Nereye<\/li>\n<li>Sivil D\u00fc\u015f\u00fcn Destekleri i\u00e7in Temel Finansal Y\u00f6netim<\/li>\n<li>360 Derece \u0130leti\u015fim<\/li>\n<li>Sosyal Etki i\u00e7in Sivil Hareket<\/li>\n<li>Kurumsalla\u015fma<\/li>\n<li>ST\u00d6\u2019ler i\u00e7in Yeniden Yap\u0131lanma<\/li>\n<li>Proje Tasar\u0131m\u0131n\u0131n Temelleri<\/li>\n<li>Entegre Kampanya Y\u00f6netimi<\/li>\n<li>Finans ve B\u00fct\u00e7eleme<\/li>\n<li>G\u00f6n\u00fcll\u00fc Y\u00f6netimi<\/li>\n<li>Dijital D\u00fcnyaya Giri\u015f<\/li>\n<li>Dijital \u0130\u00e7erik Y\u00f6netimi<\/li>\n<li>Online E\u011fitim Organizasyonu<\/li>\n<li>S\u00fcrd\u00fcr\u00fclebilir Ba\u011f\u0131\u015f Ekosistemi<\/li>\n<li>Politika Yap\u0131m\u0131 ve B\u00fct\u00e7eleme S\u00fcrecinin Temelleri<\/li>\n<li>Karar Vericiler ile \u0130li\u015fkilerin Temelleri<\/li>\n<\/ul>\n<p>Alan\u0131nda deneyimli uzmanlar taraf\u0131ndan verilecek e\u011fitimlere, adaylar\u0131n motivasyonu, cinsiyet dengesi, hak odakl\u0131 \u00e7al\u0131\u015fma y\u00fcr\u00fct\u00fcyor olma ve co\u011frafi da\u011f\u0131l\u0131m g\u00f6zetilerek kat\u0131l\u0131mc\u0131 kabul edilecek.<\/p>\n<p>E\u011fitime ba\u015fvurular, Sivil D\u00fc\u015f\u00fcn Bilgi Sistemi (mis.sivildusun.eu) \u00fczerinden al\u0131nacak. \u00a0Sisteme kaydolduktan sonra, ihtiyac\u0131n\u0131z olan e\u011fitimi se\u00e7erek kayd\u0131n\u0131z\u0131 tamamlayabileceksiniz. Sivil D\u00fc\u015f\u00fcn, e\u011fitimlerle ilgili \u00e7al\u0131\u015fmalar\u0131na son h\u0131zla devam ediyor, g\u00fcncel geli\u015fmelerden haberdar olmak i\u00e7in takipte kal\u0131n.<\/p>\n\t\t\t<\/div>\n\t\n\t\t<\/div>\n\t\t\t\t\n<style>\n#col-645453741 > .col-inner {\n  padding: 0px 30px 30px 30px;\n  border-radius: 8px;\n}\n<\/style>\n\t<\/div>\n\n\t\n<\/div>\n\t\t<\/div>\n\t\t\t\t\t<\/div>\n\n\t\n<\/div>\n\t\t<\/div>\n\n\t\t\n<style>\n#section_2134390811 {\n  padding-top: 30px;\n  padding-bottom: 30px;\n}\n<\/style>\n\t<\/section>\n\t\n","protected":false},"excerpt":{"rendered":"","protected":false},"author":1,"featured_media":23567,"parent":727,"menu_order":0,"comment_status":"closed","ping_status":"closed","template":"page-blank.php","meta":{"footnotes":""},"_links":{"self":[{"href":"https:\/\/www.sivildusun.net\/yedek18062024\/wp-json\/wp\/v2\/pages\/22618"}],"collection":[{"href":"https:\/\/www.sivildusun.net\/yedek18062024\/wp-json\/wp\/v2\/pages"}],"about":[{"href":"https:\/\/www.sivildusun.net\/yedek18062024\/wp-json\/wp\/v2\/types\/page"}],"author":[{"embeddable":true,"href":"https:\/\/www.sivildusun.net\/yedek18062024\/wp-json\/wp\/v2\/users\/1"}],"replies":[{"embeddable":true,"href":"https:\/\/www.sivildusun.net\/yedek18062024\/wp-json\/wp\/v2\/comments?post=22618"}],"version-history":[{"count":0,"href":"https:\/\/www.sivildusun.net\/yedek18062024\/wp-json\/wp\/v2\/pages\/22618\/revisions"}],"up":[{"embeddable":true,"href":"https:\/\/www.sivildusun.net\/yedek18062024\/wp-json\/wp\/v2\/pages\/727"}],"wp:featuredmedia":[{"embeddable":true,"href":"https:\/\/www.sivildusun.net\/yedek18062024\/wp-json\/wp\/v2\/media\/23567"}],"wp:attachment":[{"href":"https:\/\/www.sivildusun.net\/yedek18062024\/wp-json\/wp\/v2\/media?parent=22618"}],"curies":[{"name":"wp","href":"https:\/\/api.w.org\/{rel}","templated":true}]}}