{"id":26219,"date":"2021-03-02T16:03:24","date_gmt":"2021-03-02T13:03:24","guid":{"rendered":"https:\/\/sd.interkeydijital.com\/?page_id=26219"},"modified":"2023-09-26T14:43:34","modified_gmt":"2023-09-26T11:43:34","slug":"sivil-dusun-yayin-politikasi","status":"publish","type":"page","link":"https:\/\/www.sivildusun.net\/yedek18062024\/sivil-dusun-yayin-politikasi\/","title":{"rendered":"Sivil D\u00fc\u015f\u00fcn Yay\u0131n Politikas\u0131"},"content":{"rendered":"  <div id=\"page-header-785668253\" class=\"page-header-wrapper\">\n  <div class=\"page-title light divided-title\">\n\n    \n    <div class=\"page-title-inner container align-center flex-row medium-flex-wrap\" >\n              <div class=\"title-wrapper flex-col text-left medium-text-center\">\n          <h1 class=\"entry-title mb-0\">\n            Sivil D\u00fc\u015f\u00fcn Yay\u0131n Politikas\u0131          <\/h1>\n        <\/div>\n                    <div class=\"title-content flex-col flex-right text-right medium-text-center\">\n        <div class=\"title-breadcrumbs pb-half pt-half\"><\/div>      <\/div>\n    <\/div>\n\n       <\/div>\n  <div class=\"container header-wrapper-divider\"><hr\/><\/div>  <\/div>\n  \n\t<div id=\"text-1139109932\" class=\"text blue-bullet\">\n\t\t\n<div class=\"\" data-block=\"true\" data-editor=\"bp0cu\" data-offset-key=\"4dbju-0-0\">\n<div class=\"_1mf _1mj\" data-offset-key=\"4dbju-0-0\"><span style=\"color: #555555; font-size: 14.4px;\">Sivil D\u00fc\u015f\u00fcn bir Avrupa Birli\u011fi\u00a0 (AB) program\u0131d\u0131r. Programa dair t\u00fcm s\u00fcre\u00e7ler Avrupa Birli\u011fi\u2019nin ama\u00e7, de\u011fer ve\u00a0 \u00e7al\u0131\u015fma pratiklerine uygun olarak ger\u00e7ekle\u015ftirilir.<\/span><\/div>\n<div data-offset-key=\"4dbju-0-0\">\u00a0<\/div>\n<div class=\"_1mf _1mj\" data-offset-key=\"4dbju-0-0\">Sivil D\u00fc\u015f\u00fcn\u2019\u00fcn ileti\u015fim \u00e7al\u0131\u015fmalar\u0131 yoluyla ula\u015fmak istedi\u011fi di\u011fer hedefleri;<\/div>\n<\/div>\n\t\t\t<\/div>\n\t\n\t<div id=\"gap-383621617\" class=\"gap-element clearfix\" style=\"display:block; height:auto;\">\n\t\t\n<style>\n#gap-383621617 {\n  padding-top: 30px;\n}\n<\/style>\n\t<\/div>\n\t\n\t<div id=\"text-2922154314\" class=\"text mavi-bullet\">\n\t\t\n<ul>\n<li>\u00c7e\u015fitli sebeplerle hak ve \u00f6zg\u00fcrl\u00fcklerini kullanamayan, onlardan mahrum kalan ki\u015fi ya da gruplar\u0131n g\u00fc\u00e7lenmelerine arac\u0131 olmak<\/li>\n<li>Toplumda, hak odakl\u0131 bak\u0131\u015f a\u00e7\u0131s\u0131n\u0131n yerle\u015ferek sahiplenilmesi i\u00e7in zemin haz\u0131rlamak<\/li>\n<li>Sivil toplumun ihtiya\u00e7lar\u0131n\u0131 anlamak, iyi ve yarat\u0131c\u0131 \u00f6rnekleri g\u00f6r\u00fcn\u00fcr k\u0131larak te\u015fvik etmek<\/li>\n<li>Sivil toplumun kendi ihtiya\u00e7lar\u0131n\u0131 tan\u0131mlayarak dile getirme g\u00fcc\u00fc kazanmas\u0131nda arac\u0131 olmak<\/li>\n<li>Sivil toplumun hak odakl\u0131 \u00e7al\u0131\u015fmalar\u0131n\u0131n daha fazla ki\u015fiye ula\u015farak ilham kayna\u011f\u0131 olmas\u0131n\u0131 sa\u011flamak<\/li>\n<li>Sivil toplumun dijital alandaki varl\u0131k sahas\u0131n\u0131n geni\u015flemesine katk\u0131 sunmak<\/li>\n<\/ul>\n\t\t\t<\/div>\n\t\n\t<div id=\"gap-2059045922\" class=\"gap-element clearfix\" style=\"display:block; height:auto;\">\n\t\t\n<style>\n#gap-2059045922 {\n  padding-top: 30px;\n}\n<\/style>\n\t<\/div>\n\t\n\t<div id=\"gap-1693398801\" class=\"gap-element clearfix\" style=\"display:block; height:auto;\">\n\t\t\n<style>\n#gap-1693398801 {\n  padding-top: 30px;\n}\n<\/style>\n\t<\/div>\n\t\n\t<div id=\"text-4216204136\" class=\"text kirmizi-bullet\">\n\t\t\n<p><strong>Sivil D\u00fc\u015f\u00fcn olarak yay\u0131n ara\u00e7lar\u0131m\u0131z\u0131 kullan\u0131rken benimsedi\u011fimiz baz\u0131 temel prensipler var. Bunlar\u0131 sizinle payla\u015fmak istiyoruz:<\/strong><\/p>\n<ul>\n<li>Dijital medyay\u0131 bir propaganda arac\u0131 olarak g\u00f6rmeyiz. Bireyler, topluluklar ve organizasyonlar aras\u0131 serbest bir ileti\u015fim alan\u0131 olarak tan\u0131mlar\u0131z. Bu ileti\u015fime kat\u0131lmak isteriz.<\/li>\n<li>T\u00fcm ileti\u015fim ve \u00fcretimlerimizde, demokratik de\u011fer ve yap\u0131lar\u0131, insan haklar\u0131, sosyal i\u00e7erme ve hukukun \u00fcst\u00fcnl\u00fc\u011f\u00fc gibi evrensel de\u011ferleri oda\u011f\u0131m\u0131za alarak hareket ederiz.<\/li>\n<li>T\u00fcm siyasi parti ve g\u00f6r\u00fc\u015flere e\u015fit mesafedeyiz. Tarafs\u0131z bir ileti\u015fim dili kullan\u0131r\u0131z. \u0130\u00e7eriklerimiz ki\u015fisel mesaj, yergi ya da \u00f6vg\u00fc bar\u0131nd\u0131rmaz.<\/li>\n<li>\u0130\u00e7eriklerimizi, insan, hayvan ve \u00e7evre haklar\u0131n\u0131 kapsayan <a href=\"https:\/\/www.sivildusun.net\/yedek18062024\/bilgi-al\/hakkimizda\/\">hak odakl\u0131 yakla\u015f\u0131m\u0131n<\/a> k\u00fclt\u00fcre yerle\u015fmesine katk\u0131 sunmak hedefiyle kaleme al\u0131r\u0131z.<\/li>\n<li>T\u00fcm ileti\u015fim \u00e7al\u0131\u015fmalar\u0131m\u0131zda, toplumun farkl\u0131 kesimlerinin hassasiyetlerini g\u00f6zeten bir yakla\u015f\u0131m benimseriz. \u0130\u00e7erikte, \u015fiddeti \u00f6ven, \u015fiddete te\u015fvik eden ya da y\u00f6nelten, insan haklar\u0131n\u0131 ihlal eden her t\u00fcrl\u00fc ayr\u0131mc\u0131 unsuru d\u0131\u015far\u0131da b\u0131rak\u0131r\u0131z.<\/li>\n<li>Dijital medya ve ara\u00e7lar\u0131 profesyonel standartlarda kullan\u0131r ve y\u00f6netiriz.<\/li>\n<li>Dijital ve geleneksel ileti\u015fim alanlar\u0131nda Avrupa Birli\u011fi deste\u011fini g\u00f6r\u00fcn\u00fcr k\u0131lar\u0131z.<\/li>\n<li>Sosyal medya takip\u00e7ilerimiz ile ileti\u015fimimizin zaman\u0131nda olmas\u0131n\u0131 g\u00f6zetiriz.<\/li>\n<li>T\u00fcm g\u00f6rsel, i\u015fitsel ve yaz\u0131l\u0131 i\u00e7eriklerimizde, Sivil D\u00fc\u015f\u00fcn i\u00e7 yay\u0131n rehberimizde bulunan kurallara sad\u0131k hareket ederiz.<\/li>\n<li>Dijital medyada, sivil akt\u00f6rlerin kat\u0131l\u0131m\u0131n\u0131n beklendi\u011fi etkinlikleri; hibe, destek ve fon duyurular\u0131n\u0131; Sivil D\u00fc\u015f\u00fcn deste\u011fiyle hayata ge\u00e7mi\u015f \u00e7al\u0131\u015fmalar\u0131 g\u00f6r\u00fcn\u00fcr k\u0131lar\u0131z. Bireysel ve kurumsal tan\u0131t\u0131mlar sayfalar\u0131m\u0131zda yer almaz. Duyuru ve payla\u015f\u0131mlar\u0131n hangi mecralardan nas\u0131l yap\u0131laca\u011f\u0131na, Sivil D\u00fc\u015f\u00fcn yaz\u0131 i\u015fleri ekibi karar verir.<\/li>\n<li>Sivil D\u00fc\u015f\u00fcn\u2019\u00fcn web sayfas\u0131 \u00fczerinden, Program\u0131n etkinlik ve faaliyet haberlerine; fon, destek ve hibe duyurular\u0131na, yan\u0131 s\u0131ra, sivil toplum i\u015f ilanlar\u0131na eri\u015febilirsiniz.<\/li>\n<\/ul>\n\t\t\t<\/div>\n\t\n<p>Sivil D\u00fc\u015f\u00fcn web sitesi ve sosyal medya hesaplar\u0131n\u0131n (Facebook, Twitter, Instagram, YouTube ve Linkedin hesaplar\u0131) i\u00e7eri\u011fi, WEglobal S.r.l liderli\u011findeki konsorsiyum sorumlulu\u011funda olup; herhangi bir \u015fekilde Avrupa Birli\u011fi\u2019nin g\u00f6r\u00fc\u015flerini yans\u0131tt\u0131\u011f\u0131 \u015feklinde yorumlanamaz.<\/p>\n<p>AB Sivil D\u00fc\u015f\u00fcn Program\u0131 ilkeleri gere\u011fi, ayr\u0131mc\u0131, incitici, d\u0131\u015flay\u0131c\u0131 dil ya da hakaret i\u00e7eri\u011fine sahip olan ziyaret\u00e7i g\u00f6nderilerini silebilir ve s\u00f6z konusu durum tekrarland\u0131\u011f\u0131 takdirde, gerekli \u00f6nlemleri alma hakk\u0131n\u0131 sakl\u0131 tutar.<\/p>\n<p>Sivil D\u00fc\u015f\u00fcn sayfalar\u0131nda Sivil D\u00fc\u015f\u00fcn destekli \u00e7al\u0131\u015fmalar\u0131n sahipleri taraf\u0131ndan yay\u0131nlanan yaz\u0131l\u0131 ve g\u00f6rsel i\u00e7eriklerden do\u011fan her t\u00fcrl\u00fc sorumluluk ilgili \u00e7al\u0131\u015fma sahiplerine aittir.<\/p>\n<p><strong>Foto\u011fraf\/video\/ses izin belgesi<\/strong><\/p>\n<p>Sivil D\u00fc\u015f\u00fcn faaliyetleri, etkinlikleri ve yay\u0131nlar\u0131nda kullan\u0131lan foto\u011fraf, video ve ses kay\u0131tlar\u0131 izin belgesi i\u00e7in t\u0131klay\u0131n:<\/p>\n<a href=\"https:\/\/www.sivildusun.net\/yedek18062024\/wp-content\/uploads\/2023\/04\/Sivil-Dusun-gorsel-isitsel-izin-belgesi.docx\" class=\"button primary\"  >\n    <span>Sivil D\u00fc\u015f\u00fcn g\u00f6rsel\/i\u015fitsel izin belgesi<\/span>\n  <\/a>\n\n<a href=\"https:\/\/www.sivildusun.net\/yedek18062024\/wp-content\/uploads\/2023\/04\/Resit-olmayan-bireyler-icin_Sivil-Dusun-gorsel-isitsel-izin-belgesi.docx\" class=\"button primary\"  >\n    <span>Sivil D\u00fc\u015f\u00fcn g\u00f6rsel i\u015fitsel izin belgesi-re\u015fit olmayan bireyler i\u00e7in<\/span>\n  <\/a>\n\n","protected":false},"excerpt":{"rendered":"<p>Sivil D\u00fc\u015f\u00fcn web sitesi ve sosyal medya hesaplar\u0131n\u0131n (Facebook, Twitter, Instagram, YouTube ve Linkedin hesaplar\u0131) i\u00e7eri\u011fi, WEglobal S.r.l liderli\u011findeki konsorsiyum sorumlulu\u011funda olup; herhangi bir \u015fekilde Avrupa Birli\u011fi\u2019nin g\u00f6r\u00fc\u015flerini yans\u0131tt\u0131\u011f\u0131 \u015feklinde yorumlanamaz. AB Sivil D\u00fc\u015f\u00fcn Program\u0131 ilkeleri gere\u011fi, ayr\u0131mc\u0131, incitici, d\u0131\u015flay\u0131c\u0131 dil ya da hakaret i\u00e7eri\u011fine sahip olan ziyaret\u00e7i g\u00f6nderilerini silebilir ve s\u00f6z konusu durum tekrarland\u0131\u011f\u0131&#8230;<\/p>\n","protected":false},"author":1,"featured_media":23567,"parent":0,"menu_order":0,"comment_status":"closed","ping_status":"closed","template":"","meta":{"footnotes":""},"_links":{"self":[{"href":"https:\/\/www.sivildusun.net\/yedek18062024\/wp-json\/wp\/v2\/pages\/26219"}],"collection":[{"href":"https:\/\/www.sivildusun.net\/yedek18062024\/wp-json\/wp\/v2\/pages"}],"about":[{"href":"https:\/\/www.sivildusun.net\/yedek18062024\/wp-json\/wp\/v2\/types\/page"}],"author":[{"embeddable":true,"href":"https:\/\/www.sivildusun.net\/yedek18062024\/wp-json\/wp\/v2\/users\/1"}],"replies":[{"embeddable":true,"href":"https:\/\/www.sivildusun.net\/yedek18062024\/wp-json\/wp\/v2\/comments?post=26219"}],"version-history":[{"count":0,"href":"https:\/\/www.sivildusun.net\/yedek18062024\/wp-json\/wp\/v2\/pages\/26219\/revisions"}],"wp:featuredmedia":[{"embeddable":true,"href":"https:\/\/www.sivildusun.net\/yedek18062024\/wp-json\/wp\/v2\/media\/23567"}],"wp:attachment":[{"href":"https:\/\/www.sivildusun.net\/yedek18062024\/wp-json\/wp\/v2\/media?parent=26219"}],"curies":[{"name":"wp","href":"https:\/\/api.w.org\/{rel}","templated":true}]}}