{"id":31037,"date":"2022-11-10T16:39:45","date_gmt":"2022-11-10T13:39:45","guid":{"rendered":"https:\/\/www.sivildusun.net\/?page_id=31037"},"modified":"2023-03-19T16:44:50","modified_gmt":"2023-03-19T13:44:50","slug":"kimler-basvurabilir","status":"publish","type":"page","link":"https:\/\/www.sivildusun.net\/yedek18062024\/destek-al\/destekler\/acik-destekler\/kimler-basvurabilir\/","title":{"rendered":"Kimler ba\u015fvurabilir?"},"content":{"rendered":"\t<section class=\"section\" id=\"section_1518630234\">\n\t\t<div class=\"bg section-bg fill bg-fill  bg-loaded\" >\n\n\t\t\t\n\t\t\t<div class=\"loading-spin centered\"><\/div>\n\t\t\t\n\n\t\t<\/div>\n\n\t\t\n\n\t\t<div class=\"section-content relative\">\n\t\t\t\n<div class=\"row\"  id=\"row-560541664\">\n\n\t<div id=\"col-1967813750\" class=\"col medium-3 small-12 large-3\"  >\n\t\t\t\t<div class=\"col-inner\"  >\n\t\t\t\n\t\t\t\n<div class=\"row rightsidebar\"  id=\"row-1549640566\">\n\n\n\t<div id=\"col-1012591532\" class=\"col small-12 large-12\"  >\n\t\t\t\t<div class=\"col-inner box-shadow-3\"  >\n\t\t\t\n\t\t\t\n\n\n\t\t<div class=\"icon-box featured-box icon-box-left text-left\"  >\n\t\t\t\t<div class=\"icon-box-text last-reset\">\n\t\t\t\t\t\t\t\t\t\n\n\t<div id=\"gap-263517298\" class=\"gap-element clearfix\" style=\"display:block; height:auto;\">\n\t\t\n<style>\n#gap-263517298 {\n  padding-top: 6px;\n}\n<\/style>\n\t<\/div>\n\t\n\n<h3>Destek Al<\/h3>\n<div class=\"is-divider divider clearfix\" style=\"max-width:100%;background-color:rgb(233, 72, 63);\"><\/div>\n\n\n\t\t<\/div>\n\t<\/div>\n\t\n\t\n<p>[bellows config_id=\"main\" menu=\"4\"]<\/p>\n<a data-animate=\"fadeInLeft\" href=\"https:\/\/mis.sivildusun.eu\/\" target=\"_blank\" class=\"button primary is-outline lowercase expand\" rel=\"noopener\"  >\n    <span>Ba\u015fvuru Yap<\/span>\n  <\/a>\n\n\n\n\t\t<\/div>\n\t\t\t\t\n<style>\n#col-1012591532 > .col-inner {\n  padding: 0px 10px 0px 10px;\n}\n<\/style>\n\t<\/div>\n\n\t\n\n<\/div>\n\t\t<\/div>\n\t\t\t\t\t<\/div>\n\n\t\n\n\t<div id=\"col-2077106899\" class=\"col medium-9 small-12 large-9\"  >\n\t\t\t\t<div class=\"col-inner\"  >\n\t\t\t\n\t\t\t\n<div class=\"row align-equal row-dashed\"  id=\"row-250371670\">\n\n\t<div id=\"col-1287180775\" class=\"col small-12 large-12\"  >\n\t\t\t\t<div class=\"col-inner\"  >\n\t\t\t\n\t\t\t\n\n\t\t<div class=\"icon-box featured-box icon-box-left text-left\"  >\n\t\t\t\t<div class=\"icon-box-text last-reset\">\n\t\t\t\t\t\t\t\t\t\n\t<div id=\"gap-2014242410\" class=\"gap-element clearfix\" style=\"display:block; height:auto;\">\n\t\t\n<style>\n#gap-2014242410 {\n  padding-top: 5px;\n}\n<\/style>\n\t<\/div>\n\t\n<h3 class=\"bigtitle\">Genel Destek<\/h3>\n\t\t<\/div>\n\t<\/div>\n\t\n\t\n<h2>Kimler ba\u015fvurabilir?<\/h2>\n<div class=\"row\"  id=\"row-921075983\">\n\n\t<div id=\"col-1143871457\" class=\"col medium-6 small-12 large-6\"  >\n\t\t\t\t<div class=\"col-inner\"  >\n\t\t\t\n\t\t\t\n\t<div id=\"text-4259198291\" class=\"text bullet-gri\">\n\t\t\n<p><strong>Sivil toplum \u00f6rg\u00fctleri <\/strong><\/p>\n<ul>\n<li class=\"bullet-checkmark\">Dernek, vak\u0131f, sivil inisiyatif, a\u011f veya platformlar<\/li>\n<li class=\"bullet-checkmark\">\u00dcniversitelerin hak odakl\u0131 \u00e7al\u0131\u015fma y\u00fcr\u00fcten sivil toplum birim veya merkezleri<\/li>\n<li class=\"bullet-checkmark\">Federasyon, konfederasyon<\/li>\n<li class=\"bullet-checkmark\">Kar amac\u0131 g\u00fctmeyen kooperatif veya i\u015fletmeler<\/li>\n<li class=\"bullet-checkmark\">Sendika<\/li>\n<li class=\"bullet-checkmark\">Meslek \u00f6rg\u00fct\u00fc<\/li>\n<li class=\"bullet-checkmark\">Baro<\/li>\n<li class=\"bullet-checkmark\">Kent konseyi<\/li>\n<li>Topluluklar<\/li>\n<\/ul>\n\t\t\t<\/div>\n\t\n\t\t<\/div>\n\t\t\t\t\t<\/div>\n\n\t\n\n\t<div id=\"col-551698682\" class=\"col medium-6 small-12 large-6\"  >\n\t\t\t\t<div class=\"col-inner\"  >\n\t\t\t\n\t\t\t\n\t<div id=\"text-233055542\" class=\"text bullet-gri\">\n\t\t\n<p><strong>Aktivistler <\/strong><\/p>\n<ul>\n<li class=\"bullet-checkmark\">Haklar\u0131 geli\u015ftirmek i\u00e7in \u00e7al\u0131\u015fanlar ya da \u00e7al\u0131\u015fmaya istekli olanlar<\/li>\n<li class=\"bullet-checkmark\">Hak odakl\u0131 \u00e7al\u0131\u015fmalara g\u00f6n\u00fcll\u00fc kat\u0131lanlar<\/li>\n<li class=\"bullet-checkmark\">Hak odakl\u0131 bir \u00e7al\u0131\u015fmaya g\u00f6n\u00fcll\u00fc liderlik yapanlar<\/li>\n<li class=\"bullet-checkmark\">Hak odakl\u0131 yeni bir giri\u015fim veya platform ba\u015flatanlar<\/li>\n<li class=\"bullet-checkmark\">Veya bireysel olarak hak odakl\u0131 ba\u015fka \u00e7al\u0131\u015fmalar y\u00fcr\u00fctenler<\/li>\n<\/ul>\n\t\t\t<\/div>\n\t\n\t\t<\/div>\n\t\t\t\t\t<\/div>\n\n\t\n<\/div>\n\t\t<\/div>\n\t\t\t\t\n<style>\n#col-1287180775 > .col-inner {\n  padding: 30px 30px 30px 30px;\n  border-radius: 8px;\n}\n<\/style>\n\t<\/div>\n\n\t\n<\/div>\n\t\t<\/div>\n\t\t\t\t\t<\/div>\n\n\t\n<\/div>\n\t\t<\/div>\n\n\t\t\n<style>\n#section_1518630234 {\n  padding-top: 30px;\n  padding-bottom: 30px;\n}\n<\/style>\n\t<\/section>\n\t\n","protected":false},"excerpt":{"rendered":"","protected":false},"author":6,"featured_media":177,"parent":31091,"menu_order":1,"comment_status":"closed","ping_status":"closed","template":"page-single-page-nav.php","meta":{"footnotes":""},"_links":{"self":[{"href":"https:\/\/www.sivildusun.net\/yedek18062024\/wp-json\/wp\/v2\/pages\/31037"}],"collection":[{"href":"https:\/\/www.sivildusun.net\/yedek18062024\/wp-json\/wp\/v2\/pages"}],"about":[{"href":"https:\/\/www.sivildusun.net\/yedek18062024\/wp-json\/wp\/v2\/types\/page"}],"author":[{"embeddable":true,"href":"https:\/\/www.sivildusun.net\/yedek18062024\/wp-json\/wp\/v2\/users\/6"}],"replies":[{"embeddable":true,"href":"https:\/\/www.sivildusun.net\/yedek18062024\/wp-json\/wp\/v2\/comments?post=31037"}],"version-history":[{"count":0,"href":"https:\/\/www.sivildusun.net\/yedek18062024\/wp-json\/wp\/v2\/pages\/31037\/revisions"}],"up":[{"embeddable":true,"href":"https:\/\/www.sivildusun.net\/yedek18062024\/wp-json\/wp\/v2\/pages\/31091"}],"wp:featuredmedia":[{"embeddable":true,"href":"https:\/\/www.sivildusun.net\/yedek18062024\/wp-json\/wp\/v2\/media\/177"}],"wp:attachment":[{"href":"https:\/\/www.sivildusun.net\/yedek18062024\/wp-json\/wp\/v2\/media?parent=31037"}],"curies":[{"name":"wp","href":"https:\/\/api.w.org\/{rel}","templated":true}]}}