{"id":31040,"date":"2022-11-10T16:46:40","date_gmt":"2022-11-10T13:46:40","guid":{"rendered":"https:\/\/www.sivildusun.net\/?page_id=31040"},"modified":"2024-04-01T09:31:53","modified_gmt":"2024-04-01T06:31:53","slug":"hangi-harcamalar-desteklenir","status":"publish","type":"page","link":"https:\/\/www.sivildusun.net\/yedek18062024\/destek-al\/destekler\/acik-destekler\/hangi-harcamalar-desteklenir\/","title":{"rendered":"Hangi harcamalar desteklenir?"},"content":{"rendered":"\t<section class=\"section\" id=\"section_765138902\">\n\t\t<div class=\"bg section-bg fill bg-fill  bg-loaded\" >\n\n\t\t\t\n\t\t\t<div class=\"loading-spin centered\"><\/div>\n\t\t\t\n\n\t\t<\/div>\n\n\t\t\n\n\t\t<div class=\"section-content relative\">\n\t\t\t\n<div class=\"row\"  id=\"row-1980684577\">\n\n\t<div id=\"col-335070815\" class=\"col medium-3 small-12 large-3\"  >\n\t\t\t\t<div class=\"col-inner\"  >\n\t\t\t\n\t\t\t\n<div class=\"row rightsidebar\"  id=\"row-524482574\">\n\n\n\t<div id=\"col-2062432868\" class=\"col small-12 large-12\"  >\n\t\t\t\t<div class=\"col-inner box-shadow-3\"  >\n\t\t\t\n\t\t\t\n\n\n\t\t<div class=\"icon-box featured-box icon-box-left text-left\"  >\n\t\t\t\t<div class=\"icon-box-text last-reset\">\n\t\t\t\t\t\t\t\t\t\n\n\t<div id=\"gap-455490106\" class=\"gap-element clearfix\" style=\"display:block; height:auto;\">\n\t\t\n<style>\n#gap-455490106 {\n  padding-top: 6px;\n}\n<\/style>\n\t<\/div>\n\t\n\n<h3>Destek Al<\/h3>\n<div class=\"is-divider divider clearfix\" style=\"max-width:100%;background-color:rgb(233, 72, 63);\"><\/div>\n\n\n\t\t<\/div>\n\t<\/div>\n\t\n\t\n<p>[bellows config_id=\"main\" menu=\"4\"]<\/p>\n<a data-animate=\"fadeInLeft\" href=\"https:\/\/mis.sivildusun.eu\/\" target=\"_blank\" class=\"button primary is-outline lowercase expand\" rel=\"noopener\"  >\n    <span>Ba\u015fvuru Yap<\/span>\n  <\/a>\n\n\n\n\t\t<\/div>\n\t\t\t\t\n<style>\n#col-2062432868 > .col-inner {\n  padding: 0px 10px 0px 10px;\n}\n<\/style>\n\t<\/div>\n\n\t\n\n<\/div>\n\t\t<\/div>\n\t\t\t\t\t<\/div>\n\n\t\n\n\t<div id=\"col-48363705\" class=\"col medium-9 small-12 large-9\"  >\n\t\t\t\t<div class=\"col-inner\"  >\n\t\t\t\n\t\t\t\n<div class=\"row align-equal row-dashed\"  id=\"row-914390892\">\n\n\t<div id=\"col-1828438529\" class=\"col small-12 large-12\"  >\n\t\t\t\t<div class=\"col-inner\"  >\n\t\t\t\n\t\t\t\n\n\t\t<div class=\"icon-box featured-box icon-box-left text-left\"  >\n\t\t\t\t<div class=\"icon-box-text last-reset\">\n\t\t\t\t\t\t\t\t\t\n\t<div id=\"gap-255652191\" class=\"gap-element clearfix\" style=\"display:block; height:auto;\">\n\t\t\n<style>\n#gap-255652191 {\n  padding-top: 5px;\n}\n<\/style>\n\t<\/div>\n\t\n<h3 class=\"bigtitle\">Genel Destek<\/h3>\n\t\t<\/div>\n\t<\/div>\n\t\n\t\n\t<div id=\"text-1470024782\" class=\"text bullet-gri\">\n\t\t\n<h2><b>Hangi harcamalar desteklenir? <\/b><\/h2>\n<p>Sizi, yaratmak istedi\u011finiz de\u011fi\u015fime en k\u0131sa ve etkili yoldan ula\u015ft\u0131racak kategoriyi se\u00e7tiniz. Peki, \u00e7al\u0131\u015fman\u0131z\u0131 hayata ge\u00e7irirken hangi imkanlar\u0131 kullanmay\u0131 d\u00fc\u015f\u00fcn\u00fcyorsunuz? Bir sonraki ad\u0131mda, harcamalar\u0131 belirlemek var. Sivil D\u00fc\u015f\u00fcn, a\u015fa\u011f\u0131da yer alan harcamalar\u0131 sizin i\u00e7in kar\u015f\u0131l\u0131yor. Ba\u015fvurunuzu yapmadan, bu listeyi inceleyerek fikir sahibi olabilirsiniz.<\/p>\n<p>Harcamalar, daha \u00e7e\u015fitli faaliyetleri hayata ge\u00e7irebilmeniz i\u00e7in 22 Nisan 2022 itibar\u0131yla geni\u015fledi. Salg\u0131n s\u0131ras\u0131nda kar\u015f\u0131lanamayan hareketlilik ve a\u011f olu\u015fturma ile etkinlik organizasyonu \u00e7al\u0131\u015fmalar\u0131 destek kapsam\u0131na girdi. Ayr\u0131ca, \u00e7al\u0131\u015fman\u0131z\u0131 daha etkili hale getirmek i\u00e7in yararlanabilece\u011finiz dijital d\u00fcnyaya dair olanaklar \u00e7e\u015fitlendi.<\/p>\n<p>22 Nisan 2022\u2019den genel destek bas\u0327vurular\u0131 kapat\u0131lana kadar birden fazla kez bas\u0327vuru iletebilirsiniz. Ancak, bas\u0327vurular\u0131n\u0131z kars\u0327\u0131l\u0131g\u0306\u0131nda alacag\u0306\u0131n\u0131z toplam destek miktar\u0131 10 bin Euro&#8217;yu gec\u0327emez.<\/p>\n<ul>\n<li class=\"bullet-checkmark\">Hareketlilik ve A\u011f Olu\u015fturma<\/li>\n<li class=\"bullet-checkmark\">Etkinlik Organizasyonu<\/li>\n<li class=\"bullet-checkmark\">Dijital\/bas\u0131l\u0131 Materyaller<\/li>\n<li class=\"bullet-checkmark\">Reklam ve \u0130lan<\/li>\n<li class=\"bullet-checkmark\">Dijitalle\u015fme<\/li>\n<\/ul>\n<p>Bu harcamalara dair detayl\u0131 bilgi i\u00e7in <a href=\"https:\/\/www.sivildusun.net\/yedek18062024\/wp-content\/uploads\/2024\/04\/Sivil-Dusun-Basvuru-Rehberi_2024.pdf\">Bas\u0327vuru Rehberini <\/a>inceleyin.<\/p>\n\t\t\t<\/div>\n\t\n<div class=\"video video-fit mb\" style=\"padding-top:56.25%;\"><p><iframe title=\"Yeni imkanlardan nas\u0131l faydalan\u0131r\u0131m? |\u00a0Sivil D\u00fc\u015f\u00fcn destekleri\" width=\"1020\" height=\"574\" src=\"https:\/\/www.youtube.com\/embed\/prrEd1tAKmw?feature=oembed\" frameborder=\"0\" allow=\"accelerometer; autoplay; clipboard-write; encrypted-media; gyroscope; picture-in-picture; web-share\" referrerpolicy=\"strict-origin-when-cross-origin\" allowfullscreen><\/iframe><\/p>\n<\/div>\n\t\t<\/div>\n\t\t\t\t\n<style>\n#col-1828438529 > .col-inner {\n  padding: 30px 30px 30px 30px;\n  border-radius: 8px;\n}\n<\/style>\n\t<\/div>\n\n\t\n<\/div>\n\t\t<\/div>\n\t\t\t\t\t<\/div>\n\n\t\n<\/div>\n\t\t<\/div>\n\n\t\t\n<style>\n#section_765138902 {\n  padding-top: 30px;\n  padding-bottom: 30px;\n}\n<\/style>\n\t<\/section>\n\t\n","protected":false},"excerpt":{"rendered":"","protected":false},"author":6,"featured_media":177,"parent":31091,"menu_order":1,"comment_status":"closed","ping_status":"closed","template":"page-single-page-nav.php","meta":{"footnotes":""},"_links":{"self":[{"href":"https:\/\/www.sivildusun.net\/yedek18062024\/wp-json\/wp\/v2\/pages\/31040"}],"collection":[{"href":"https:\/\/www.sivildusun.net\/yedek18062024\/wp-json\/wp\/v2\/pages"}],"about":[{"href":"https:\/\/www.sivildusun.net\/yedek18062024\/wp-json\/wp\/v2\/types\/page"}],"author":[{"embeddable":true,"href":"https:\/\/www.sivildusun.net\/yedek18062024\/wp-json\/wp\/v2\/users\/6"}],"replies":[{"embeddable":true,"href":"https:\/\/www.sivildusun.net\/yedek18062024\/wp-json\/wp\/v2\/comments?post=31040"}],"version-history":[{"count":0,"href":"https:\/\/www.sivildusun.net\/yedek18062024\/wp-json\/wp\/v2\/pages\/31040\/revisions"}],"up":[{"embeddable":true,"href":"https:\/\/www.sivildusun.net\/yedek18062024\/wp-json\/wp\/v2\/pages\/31091"}],"wp:featuredmedia":[{"embeddable":true,"href":"https:\/\/www.sivildusun.net\/yedek18062024\/wp-json\/wp\/v2\/media\/177"}],"wp:attachment":[{"href":"https:\/\/www.sivildusun.net\/yedek18062024\/wp-json\/wp\/v2\/media?parent=31040"}],"curies":[{"name":"wp","href":"https:\/\/api.w.org\/{rel}","templated":true}]}}