{"id":31043,"date":"2022-11-10T16:50:13","date_gmt":"2022-11-10T13:50:13","guid":{"rendered":"https:\/\/www.sivildusun.net\/?page_id=31043"},"modified":"2023-03-19T16:46:16","modified_gmt":"2023-03-19T13:46:16","slug":"nasil-basvurulur","status":"publish","type":"page","link":"https:\/\/www.sivildusun.net\/yedek18062024\/destek-al\/destekler\/acik-destekler\/nasil-basvurulur\/","title":{"rendered":"Nas\u0131l ba\u015fvurulur?"},"content":{"rendered":"\t<section class=\"section\" id=\"section_1031405739\">\n\t\t<div class=\"bg section-bg fill bg-fill  bg-loaded\" >\n\n\t\t\t\n\t\t\t<div class=\"loading-spin centered\"><\/div>\n\t\t\t\n\n\t\t<\/div>\n\n\t\t\n\n\t\t<div class=\"section-content relative\">\n\t\t\t\n<div class=\"row\"  id=\"row-646812758\">\n\n\t<div id=\"col-1596285592\" class=\"col medium-3 small-12 large-3\"  >\n\t\t\t\t<div class=\"col-inner\"  >\n\t\t\t\n\t\t\t\n<div class=\"row rightsidebar\"  id=\"row-852998555\">\n\n\n\t<div id=\"col-2055147252\" class=\"col small-12 large-12\"  >\n\t\t\t\t<div class=\"col-inner box-shadow-3\"  >\n\t\t\t\n\t\t\t\n\n\n\t\t<div class=\"icon-box featured-box icon-box-left text-left\"  >\n\t\t\t\t<div class=\"icon-box-text last-reset\">\n\t\t\t\t\t\t\t\t\t\n\n\t<div id=\"gap-491344809\" class=\"gap-element clearfix\" style=\"display:block; height:auto;\">\n\t\t\n<style>\n#gap-491344809 {\n  padding-top: 6px;\n}\n<\/style>\n\t<\/div>\n\t\n\n<h3>Destek Al<\/h3>\n<div class=\"is-divider divider clearfix\" style=\"max-width:100%;background-color:rgb(233, 72, 63);\"><\/div>\n\n\n\t\t<\/div>\n\t<\/div>\n\t\n\t\n<p>[bellows config_id=\"main\" menu=\"4\"]<\/p>\n<a data-animate=\"fadeInLeft\" href=\"https:\/\/mis.sivildusun.eu\/\" target=\"_blank\" class=\"button primary is-outline lowercase expand\" rel=\"noopener\"  >\n    <span>Ba\u015fvuru Yap<\/span>\n  <\/a>\n\n\n\n\t\t<\/div>\n\t\t\t\t\n<style>\n#col-2055147252 > .col-inner {\n  padding: 0px 10px 0px 10px;\n}\n<\/style>\n\t<\/div>\n\n\t\n\n<\/div>\n\t\t<\/div>\n\t\t\t\t\t<\/div>\n\n\t\n\n\t<div id=\"col-353726182\" class=\"col medium-9 small-12 large-9\"  >\n\t\t\t\t<div class=\"col-inner\"  >\n\t\t\t\n\t\t\t\n<div class=\"row align-equal row-dashed\"  id=\"row-1498355418\">\n\n\t<div id=\"col-1714500734\" class=\"col small-12 large-12\"  >\n\t\t\t\t<div class=\"col-inner\"  >\n\t\t\t\n\t\t\t\n\n\t\t<div class=\"icon-box featured-box icon-box-left text-left\"  >\n\t\t\t\t<div class=\"icon-box-text last-reset\">\n\t\t\t\t\t\t\t\t\t\n\t<div id=\"gap-1295194290\" class=\"gap-element clearfix\" style=\"display:block; height:auto;\">\n\t\t\n<style>\n#gap-1295194290 {\n  padding-top: 5px;\n}\n<\/style>\n\t<\/div>\n\t\n<h3 class=\"bigtitle\">Genel Destek<\/h3>\n\t\t<\/div>\n\t<\/div>\n\t\n\t\n\t<div id=\"text-786790746\" class=\"text bullet-gri\">\n\t\t\n<h2>Nas\u0131l ba\u015fvurulur?<\/h2>\n<p><span style=\"font-weight: 400;\">30 Eyl\u00fcl 2020 itibar\u0131yla a\u00e7\u0131lan Sivil D\u00fc\u015f\u00fcn desteklerine,  ba\u015fvuru yapmak i\u00e7in hen\u00fcz belirlenmi\u015f bir kapan\u0131\u015f tarihi bulunmuyor. Kapan\u0131\u015f tarihi belirlendi\u011finde Sivil D\u00fc\u015f\u00fcn ileti\u015fim kanallar\u0131ndan ilan edilir. <\/span><span style=\"font-weight: 400;\">Ba\u015fvurular\u0131n toplanmas\u0131, de\u011ferlendirilmesi ve onaylanan \u00e7al\u0131\u015fmalar\u0131n y\u00fcr\u00fct\u00fclmesi i\u00e7in online bir Bilgi Sistemi bulunur. T\u00fcm ba\u015fvurular bu bilgi sistemi \u00fczerinden yap\u0131l\u0131r.<\/span><span style=\"font-weight: 400;\"> Bilgi sistemi \u00fczerinden ba\u015fvurular iki a\u015famal\u0131 olarak yap\u0131l\u0131r: Kay\u0131t ve ba\u015fvuru.<\/span>\u00a0<\/p>\n<ul>\n<li class=\"bullet-checkmark\"><strong>Kay\u0131t<\/strong><\/li>\n<\/ul>\n<p><span style=\"font-weight: 400;\">Sivil D\u00fc\u015f\u00fcn desteklerinden faydalanmak isteyen \u00f6rg\u00fct ve bireylerin, Bilgi Sistemine kay\u0131t olmas\u0131 beklenir.<\/span><span style=\"font-weight: 400;\"> Kay\u0131t s\u0131ras\u0131nda ileti\u015fim bilgilerinizin yan\u0131 s\u0131ra sizi veya \u00f6rg\u00fct\u00fcn\u00fcz\u00fc daha iyi tan\u0131mam\u0131za yard\u0131mc\u0131 olacak baz\u0131 teknik bilgiler istenir. Kay\u0131t tamamland\u0131ktan sonra, sisteme giri\u015f i\u00e7in hesap bilgileriniz olu\u015fturulup sizinle payla\u015f\u0131l\u0131r. <\/span><span style=\"font-weight: 400;\">Bilgi sistemine bir kez kay\u0131t olman\u0131z yeterlidir.<\/span><\/p>\n\t\t\t<\/div>\n\t\n\n\t<div id=\"text-4007300152\" class=\"text bullet-gri\">\n\t\t\n<ul>\n<li class=\"bullet-checkmark\"><strong>Ba\u015fvuru<\/strong><\/li>\n<\/ul>\n<p><span style=\"font-weight: 400;\">Kay\u0131t sonras\u0131nda size iletilen hesap bilgilerinizle tekrar sisteme girebilir, ba\u015fvuru yapaca\u011f\u0131n\u0131z kategoriyi se\u00e7erek ba\u015fvuru formunu doldurabilirsiniz. Ba\u015fvuru formunda, \u00e7al\u0131\u015fman\u0131z\u0131 ve bu \u00e7al\u0131\u015fmaya y\u00f6nelik istedi\u011finiz deste\u011fin i\u00e7eri\u011fi ve ile miktar\u0131n\u0131 anlam\u0131za yard\u0131mc\u0131 olacak sorular bulunur. Bu sorular\u0131 tek seferde yan\u0131tlamak zorunda de\u011filsiniz. Diledi\u011finiz noktada kaydedip, daha sonra tekrar sisteme girerek ba\u015fvurunuzu tamamlayabilirsiniz.<\/span><br \/>\n\t\t\t<\/div>\n\t\n\n\t<div id=\"gap-1203972665\" class=\"gap-element clearfix\" style=\"display:block; height:auto;\">\n\t\t\n<style>\n#gap-1203972665 {\n  padding-top: 40px;\n}\n<\/style>\n\t<\/div>\n\t\n\t<div id=\"gap-159372017\" class=\"gap-element clearfix\" style=\"display:block; height:auto;\">\n\t\t\n<style>\n#gap-159372017 {\n  padding-top: 30px;\n}\n<\/style>\n\t<\/div>\n\t\n\t<div id=\"gap-1113814241\" class=\"gap-element clearfix\" style=\"display:block; height:auto;\">\n\t\t\n<style>\n#gap-1113814241 {\n  padding-top: 30px;\n}\n<\/style>\n\t<\/div>\n\t\n\n<div class=\"row\"  id=\"row-1076411878\">\n\n\n\t<div id=\"col-1732786908\" class=\"col medium-4 small-12 large-4\"  >\n\t\t\t\t<div class=\"col-inner text-center\"  >\n\t\t\t\n\t\t\t\n\n\t<div class=\"img has-hover image-lightbox x md-x lg-x y md-y lg-y\" id=\"image_2036561573\">\n\t\t<a class=\"\" href=\"https:\/\/www.sivildusun.net\/yedek18062024\/destek-al\/destekler\/rehberler\/#flipbook-df_27490\/1\/\" target=\"_blank\" rel=\"noopener\" >\t\t\t\t\t\t<div class=\"img-inner image-color dark\" >\n\t\t\t<img fetchpriority=\"high\" decoding=\"async\" width=\"300\" height=\"425\" src=\"https:\/\/www.sivildusun.net\/yedek18062024\/wp-content\/uploads\/2022\/04\/Bas\u0327vuru-Rehberi-1.jpg\" class=\"attachment-large size-large\" alt=\"\" srcset=\"https:\/\/www.sivildusun.net\/yedek18062024\/wp-content\/uploads\/2022\/04\/Bas\u0327vuru-Rehberi-1.jpg 300w, https:\/\/www.sivildusun.net\/yedek18062024\/wp-content\/uploads\/2022\/04\/Bas\u0327vuru-Rehberi-1-282x400.jpg 282w\" sizes=\"(max-width: 300px) 100vw, 300px\" \/>\t\t\t\t\t\t\n\t\t\t\t\t<\/div>\n\t\t\t\t\t\t<\/a>\t\t\n<style>\n#image_2036561573 {\n  width: 50%;\n}\n<\/style>\n\t<\/div>\n\t\n\n\t<div id=\"text-3454805708\" class=\"text hidden\">\n\t\t\n\n<p><div class=\"_df_thumb \" id=\"df_27490\"  data-title=\"sivil-dusun-destekleri-basvuru-rehberi\" _slug=\"sivil-dusun-destekleri-basvuru-rehberi\" wpoptions=\"true\" thumb=\"https:\/\/www.sivildusun.net\/yedek18062024\/wp-content\/uploads\/2023\/11\/Sivil-Dusun-Basvuru-Rehberi-2023-01.png\" thumbtype=\"bg\" >Sivil D\u00fc\u015f\u00fcn Destekleri Ba\u015fvuru Rehberi<\/div><script class=\"df-shortcode-script\" type=\"application\/javascript\">window.option_df_27490 = {\"outline\":[],\"forceFit\":\"true\",\"autoEnableOutline\":\"false\",\"autoEnableThumbnail\":\"false\",\"overwritePDFOutline\":\"false\",\"direction\":\"1\",\"pageSize\":\"0\",\"source\":\"https:\\\/\\\/www.sivildusun.net\\\/yedek18062024\\\/wp-content\\\/uploads\\\/2024\\\/04\\\/Sivil-Dusun-Basvuru-Rehberi_2024.pdf\",\"wpOptions\":\"true\"}; if(window.DFLIP && window.DFLIP.parseBooks){window.DFLIP.parseBooks();}<\/script><\/p>\n\t\t\n<style>\n#text-3454805708 {\n  text-align: center;\n}\n<\/style>\n\t<\/div>\n\t\n\n\t\t<\/div>\n\t\t\t\t\n<style>\n#col-1732786908 > .col-inner {\n  margin: -20px 0px 0px 0px;\n}\n<\/style>\n\t<\/div>\n\n\t\n\n\t<div id=\"col-431751596\" class=\"col medium-8 small-12 large-8\"  >\n\t\t\t\t<div class=\"col-inner\"  >\n\t\t\t\n\t\t\t\n\n\t<div id=\"text-2903322204\" class=\"text black-link\">\n\t\t\n\n<h4><a class=\"_df_custom \" id=\"df_27490\" href=\"#\"  data-title=\"basvuru-rehberi\" _slug=\"sivil-dusun-destekleri-basvuru-rehberi\" wpoptions=\"true\" thumb=\"https:\/\/www.sivildusun.net\/yedek18062024\/wp-content\/uploads\/2023\/11\/Sivil-Dusun-Basvuru-Rehberi-2023-01.png\" thumbtype=\"bg\" >Ba\u015fvuru Rehberi<\/a><script class=\"df-shortcode-script\" type=\"application\/javascript\">window.option_df_27490 = {\"outline\":[],\"forceFit\":\"true\",\"autoEnableOutline\":\"false\",\"autoEnableThumbnail\":\"false\",\"overwritePDFOutline\":\"false\",\"direction\":\"1\",\"pageSize\":\"0\",\"source\":\"https:\\\/\\\/www.sivildusun.net\\\/yedek18062024\\\/wp-content\\\/uploads\\\/2024\\\/04\\\/Sivil-Dusun-Basvuru-Rehberi_2024.pdf\",\"wpOptions\":\"true\"}; if(window.DFLIP && window.DFLIP.parseBooks){window.DFLIP.parseBooks();}<\/script><\/h4>\n<div>Ba\u015fvurular\u0131n\u0131z\u0131 iletmeden \u00f6nce bu rehberi mutlaka okuman\u0131z\u0131 \u00f6neririz. Kimler, nas\u0131l ba\u015fvurabilir; hangi ihtiya\u00e7 ve ama\u00e7lar desteklenir; uygunluk kontrol\u00fc nas\u0131l yap\u0131l\u0131r; nas\u0131l bilgi ve yard\u0131m al\u0131n\u0131r? B\u00fct\u00fcn bu sorular ve daha fazlas\u0131n\u0131n cevaplar\u0131n\u0131 burada bulabilirsiniz.<\/div>\n\t\t\t<\/div>\n\t\n\n\t\t<\/div>\n\t\t\t\t\t<\/div>\n\n\t\n\n<\/div>\n\t\t<\/div>\n\t\t\t\t\n<style>\n#col-1714500734 > .col-inner {\n  padding: 30px 30px 30px 30px;\n  border-radius: 8px;\n}\n<\/style>\n\t<\/div>\n\n\t\n<\/div>\n\t\t<\/div>\n\t\t\t\t\t<\/div>\n\n\t\n<\/div>\n\t\t<\/div>\n\n\t\t\n<style>\n#section_1031405739 {\n  padding-top: 30px;\n  padding-bottom: 30px;\n}\n<\/style>\n\t<\/section>\n\t\n","protected":false},"excerpt":{"rendered":"","protected":false},"author":6,"featured_media":177,"parent":31091,"menu_order":1,"comment_status":"closed","ping_status":"closed","template":"page-single-page-nav.php","meta":{"footnotes":""},"_links":{"self":[{"href":"https:\/\/www.sivildusun.net\/yedek18062024\/wp-json\/wp\/v2\/pages\/31043"}],"collection":[{"href":"https:\/\/www.sivildusun.net\/yedek18062024\/wp-json\/wp\/v2\/pages"}],"about":[{"href":"https:\/\/www.sivildusun.net\/yedek18062024\/wp-json\/wp\/v2\/types\/page"}],"author":[{"embeddable":true,"href":"https:\/\/www.sivildusun.net\/yedek18062024\/wp-json\/wp\/v2\/users\/6"}],"replies":[{"embeddable":true,"href":"https:\/\/www.sivildusun.net\/yedek18062024\/wp-json\/wp\/v2\/comments?post=31043"}],"version-history":[{"count":0,"href":"https:\/\/www.sivildusun.net\/yedek18062024\/wp-json\/wp\/v2\/pages\/31043\/revisions"}],"up":[{"embeddable":true,"href":"https:\/\/www.sivildusun.net\/yedek18062024\/wp-json\/wp\/v2\/pages\/31091"}],"wp:featuredmedia":[{"embeddable":true,"href":"https:\/\/www.sivildusun.net\/yedek18062024\/wp-json\/wp\/v2\/media\/177"}],"wp:attachment":[{"href":"https:\/\/www.sivildusun.net\/yedek18062024\/wp-json\/wp\/v2\/media?parent=31043"}],"curies":[{"name":"wp","href":"https:\/\/api.w.org\/{rel}","templated":true}]}}