{"id":31060,"date":"2022-11-10T17:02:23","date_gmt":"2022-11-10T14:02:23","guid":{"rendered":"https:\/\/www.sivildusun.net\/?page_id=31060"},"modified":"2023-03-19T16:46:41","modified_gmt":"2023-03-19T13:46:41","slug":"basvuru-ve-uygulama-icin-gerekli-bekgeler-neler","status":"publish","type":"page","link":"https:\/\/www.sivildusun.net\/yedek18062024\/destek-al\/destekler\/acik-destekler\/basvuru-ve-uygulama-icin-gerekli-bekgeler-neler\/","title":{"rendered":"Ba\u015fvuru ve uygulama i\u00e7in gerekli belgeler neler?"},"content":{"rendered":"\t<section class=\"section\" id=\"section_664590689\">\n\t\t<div class=\"bg section-bg fill bg-fill  bg-loaded\" >\n\n\t\t\t\n\t\t\t<div class=\"loading-spin centered\"><\/div>\n\t\t\t\n\n\t\t<\/div>\n\n\t\t\n\n\t\t<div class=\"section-content relative\">\n\t\t\t\n<div class=\"row\"  id=\"row-2121523992\">\n\n\t<div id=\"col-1669182529\" class=\"col medium-3 small-12 large-3\"  >\n\t\t\t\t<div class=\"col-inner\"  >\n\t\t\t\n\t\t\t\n<div class=\"row rightsidebar\"  id=\"row-2039192420\">\n\n\n\t<div id=\"col-697722410\" class=\"col small-12 large-12\"  >\n\t\t\t\t<div class=\"col-inner box-shadow-3\"  >\n\t\t\t\n\t\t\t\n\n\n\t\t<div class=\"icon-box featured-box icon-box-left text-left\"  >\n\t\t\t\t<div class=\"icon-box-text last-reset\">\n\t\t\t\t\t\t\t\t\t\n\n\t<div id=\"gap-18671147\" class=\"gap-element clearfix\" style=\"display:block; height:auto;\">\n\t\t\n<style>\n#gap-18671147 {\n  padding-top: 6px;\n}\n<\/style>\n\t<\/div>\n\t\n\n<h3>Destek Al<\/h3>\n<div class=\"is-divider divider clearfix\" style=\"max-width:100%;background-color:rgb(233, 72, 63);\"><\/div>\n\n\n\t\t<\/div>\n\t<\/div>\n\t\n\t\n<p>[bellows config_id=\"main\" menu=\"4\"]<\/p>\n<a data-animate=\"fadeInLeft\" href=\"https:\/\/mis.sivildusun.eu\/\" target=\"_blank\" class=\"button primary is-outline lowercase expand\" rel=\"noopener\"  >\n    <span>Ba\u015fvuru Yap<\/span>\n  <\/a>\n\n\n\n\t\t<\/div>\n\t\t\t\t\n<style>\n#col-697722410 > .col-inner {\n  padding: 0px 10px 0px 10px;\n}\n<\/style>\n\t<\/div>\n\n\t\n\n<\/div>\n\t\t<\/div>\n\t\t\t\t\t<\/div>\n\n\t\n\n\t<div id=\"col-1167785388\" class=\"col medium-9 small-12 large-9\"  >\n\t\t\t\t<div class=\"col-inner\"  >\n\t\t\t\n\t\t\t\n<div class=\"row align-equal row-dashed\"  id=\"row-1222298366\">\n\n\t<div id=\"col-391703634\" class=\"col small-12 large-12\"  >\n\t\t\t\t<div class=\"col-inner\"  >\n\t\t\t\n\t\t\t\n\n\t\t<div class=\"icon-box featured-box icon-box-left text-left\"  >\n\t\t\t\t<div class=\"icon-box-text last-reset\">\n\t\t\t\t\t\t\t\t\t\n\t<div id=\"gap-856716014\" class=\"gap-element clearfix\" style=\"display:block; height:auto;\">\n\t\t\n<style>\n#gap-856716014 {\n  padding-top: 5px;\n}\n<\/style>\n\t<\/div>\n\t\n<h3 class=\"bigtitle\">Genel Destek<\/h3>\n\t\t<\/div>\n\t<\/div>\n\t\n\t\n<h2>Ba\u015fvuru ve uygulama i\u00e7in gerekli belgeler neler?<\/h2>\n\t<div id=\"gap-944256896\" class=\"gap-element clearfix\" style=\"display:block; height:auto;\">\n\t\t\n<style>\n#gap-944256896 {\n  padding-top: 30px;\n}\n<\/style>\n\t<\/div>\n\t\n\n<div class=\"row\"  id=\"row-187235626\">\n\n\n\t<div id=\"col-131473237\" class=\"col medium-4 small-12 large-4\"  >\n\t\t\t\t<div class=\"col-inner text-center\"  >\n\t\t\t\n\t\t\t\n\n\t<div class=\"img has-hover image-lightbox x md-x lg-x y md-y lg-y\" id=\"image_191342604\">\n\t\t<a class=\"\" href=\"https:\/\/www.sivildusun.net\/yedek18062024\/wp-content\/uploads\/2024\/04\/Sivil-Dusun-Basvuru-Rehberi_2024.pdf\" target=\"_blank\" rel=\"noopener\" >\t\t\t\t\t\t<div class=\"img-inner image-color dark\" >\n\t\t\t<img fetchpriority=\"high\" decoding=\"async\" width=\"724\" height=\"1024\" src=\"https:\/\/www.sivildusun.net\/yedek18062024\/wp-content\/uploads\/2023\/11\/Sivil-Dusun-Basvuru-Rehberi-2023-01-724x1024.png\" class=\"attachment-large size-large\" alt=\"\" srcset=\"https:\/\/www.sivildusun.net\/yedek18062024\/wp-content\/uploads\/2023\/11\/Sivil-Dusun-Basvuru-Rehberi-2023-01-724x1024.png 724w, https:\/\/www.sivildusun.net\/yedek18062024\/wp-content\/uploads\/2023\/11\/Sivil-Dusun-Basvuru-Rehberi-2023-01-283x400.png 283w, https:\/\/www.sivildusun.net\/yedek18062024\/wp-content\/uploads\/2023\/11\/Sivil-Dusun-Basvuru-Rehberi-2023-01-768x1086.png 768w, https:\/\/www.sivildusun.net\/yedek18062024\/wp-content\/uploads\/2023\/11\/Sivil-Dusun-Basvuru-Rehberi-2023-01-1086x1536.png 1086w, https:\/\/www.sivildusun.net\/yedek18062024\/wp-content\/uploads\/2023\/11\/Sivil-Dusun-Basvuru-Rehberi-2023-01-1448x2048.png 1448w, https:\/\/www.sivildusun.net\/yedek18062024\/wp-content\/uploads\/2023\/11\/Sivil-Dusun-Basvuru-Rehberi-2023-01.png 1654w\" sizes=\"(max-width: 724px) 100vw, 724px\" \/>\t\t\t\t\t\t\n\t\t\t\t\t<\/div>\n\t\t\t\t\t\t<\/a>\t\t\n<style>\n#image_191342604 {\n  width: 50%;\n}\n<\/style>\n\t<\/div>\n\t\n\n\t<div id=\"text-2240216222\" class=\"text hidden\">\n\t\t\n\n<p><div class=\"_df_thumb \" id=\"df_27490\"  data-title=\"sivil-dusun-destekleri-basvuru-rehberi\" _slug=\"sivil-dusun-destekleri-basvuru-rehberi\" wpoptions=\"true\" thumb=\"https:\/\/www.sivildusun.net\/yedek18062024\/wp-content\/uploads\/2023\/11\/Sivil-Dusun-Basvuru-Rehberi-2023-01.png\" thumbtype=\"bg\" >Sivil D\u00fc\u015f\u00fcn Destekleri Ba\u015fvuru Rehberi<\/div><script class=\"df-shortcode-script\" type=\"application\/javascript\">window.option_df_27490 = {\"outline\":[],\"forceFit\":\"true\",\"autoEnableOutline\":\"false\",\"autoEnableThumbnail\":\"false\",\"overwritePDFOutline\":\"false\",\"direction\":\"1\",\"pageSize\":\"0\",\"source\":\"https:\\\/\\\/www.sivildusun.net\\\/yedek18062024\\\/wp-content\\\/uploads\\\/2024\\\/04\\\/Sivil-Dusun-Basvuru-Rehberi_2024.pdf\",\"wpOptions\":\"true\"}; if(window.DFLIP && window.DFLIP.parseBooks){window.DFLIP.parseBooks();}<\/script><\/p>\n\t\t\n<style>\n#text-2240216222 {\n  text-align: center;\n}\n<\/style>\n\t<\/div>\n\t\n\n\t\t<\/div>\n\t\t\t\t\n<style>\n#col-131473237 > .col-inner {\n  margin: -20px 0px 0px 0px;\n}\n<\/style>\n\t<\/div>\n\n\t\n\n\t<div id=\"col-1707017964\" class=\"col medium-8 small-12 large-8\"  >\n\t\t\t\t<div class=\"col-inner\"  >\n\t\t\t\n\t\t\t\n\n\t<div id=\"text-4091689228\" class=\"text black-link\">\n\t\t\n\n<h4><a class=\"_df_custom \" id=\"df_27490\" href=\"#\"  data-title=\"basvuru-rehberi\" _slug=\"sivil-dusun-destekleri-basvuru-rehberi\" wpoptions=\"true\" thumb=\"https:\/\/www.sivildusun.net\/yedek18062024\/wp-content\/uploads\/2023\/11\/Sivil-Dusun-Basvuru-Rehberi-2023-01.png\" thumbtype=\"bg\" >Ba\u015fvuru Rehberi<\/a><script class=\"df-shortcode-script\" type=\"application\/javascript\">window.option_df_27490 = {\"outline\":[],\"forceFit\":\"true\",\"autoEnableOutline\":\"false\",\"autoEnableThumbnail\":\"false\",\"overwritePDFOutline\":\"false\",\"direction\":\"1\",\"pageSize\":\"0\",\"source\":\"https:\\\/\\\/www.sivildusun.net\\\/yedek18062024\\\/wp-content\\\/uploads\\\/2024\\\/04\\\/Sivil-Dusun-Basvuru-Rehberi_2024.pdf\",\"wpOptions\":\"true\"}; if(window.DFLIP && window.DFLIP.parseBooks){window.DFLIP.parseBooks();}<\/script><\/h4>\n<div>Ba\u015fvurular\u0131n\u0131z\u0131 iletmeden \u00f6nce bu rehberi mutlaka okuman\u0131z\u0131 \u00f6neririz. Kimler, nas\u0131l ba\u015fvurabilir; hangi ihtiya\u00e7 ve ama\u00e7lar desteklenir; uygunluk kontrol\u00fc nas\u0131l yap\u0131l\u0131r; nas\u0131l bilgi ve yard\u0131m al\u0131n\u0131r? B\u00fct\u00fcn bu sorular ve daha fazlas\u0131n\u0131n cevaplar\u0131n\u0131 burada bulabilirsiniz.<\/div>\n\t\t\t<\/div>\n\t\n\n\t\t<\/div>\n\t\t\t\t\t<\/div>\n\n\t\n\n<\/div>\n<div class=\"row\"  id=\"row-1780986253\">\n\n\n\t<div id=\"col-278629253\" class=\"col medium-4 small-12 large-4\"  >\n\t\t\t\t<div class=\"col-inner text-center\"  >\n\t\t\t\n\t\t\t\n\n\t<div id=\"text-1349121216\" class=\"text hidden\">\n\t\t\n\n<p><div class=\"_df_thumb \" id=\"df_27480\"  data-title=\"sivil-dusun-destekleri-uygulama-rehberi\" _slug=\"uygulama-rehberi\" wpoptions=\"true\" thumb=\"https:\/\/www.sivildusun.net\/yedek18062024\/wp-content\/uploads\/2023\/11\/Sivil-Dusun-Uygulama-Rehberi-01.png\" thumbtype=\"bg\" >Sivil D\u00fc\u015f\u00fcn Destekleri Uygulama Rehberi<\/div><script class=\"df-shortcode-script\" type=\"application\/javascript\">window.option_df_27480 = {\"outline\":[],\"forceFit\":\"true\",\"autoEnableOutline\":\"false\",\"autoEnableThumbnail\":\"false\",\"overwritePDFOutline\":\"false\",\"direction\":\"1\",\"pageSize\":\"0\",\"source\":\"https:\\\/\\\/www.sivildusun.net\\\/yedek18062024\\\/wp-content\\\/uploads\\\/2024\\\/01\\\/Sivil-Dusun-Uygulama-Rehberi-2024.pdf\",\"wpOptions\":\"true\"}; if(window.DFLIP && window.DFLIP.parseBooks){window.DFLIP.parseBooks();}<\/script><\/p>\n\t\t\n<style>\n#text-1349121216 {\n  text-align: center;\n}\n<\/style>\n\t<\/div>\n\t\n\t<div class=\"img has-hover x md-x lg-x y md-y lg-y\" id=\"image_2058077927\">\n\t\t<a class=\"\" href=\"https:\/\/www.sivildusun.net\/yedek18062024\/wp-content\/uploads\/2024\/01\/Sivil-Dusun-Uygulama-Rehberi-2024.pdf\" target=\"_blank\" rel=\"noopener\" >\t\t\t\t\t\t<div class=\"img-inner image-color dark\" >\n\t\t\t<img decoding=\"async\" width=\"724\" height=\"1024\" src=\"https:\/\/www.sivildusun.net\/yedek18062024\/wp-content\/uploads\/2023\/11\/Sivil-Dusun-Uygulama-Rehberi-01-724x1024.png\" class=\"attachment-large size-large\" alt=\"\" srcset=\"https:\/\/www.sivildusun.net\/yedek18062024\/wp-content\/uploads\/2023\/11\/Sivil-Dusun-Uygulama-Rehberi-01-724x1024.png 724w, https:\/\/www.sivildusun.net\/yedek18062024\/wp-content\/uploads\/2023\/11\/Sivil-Dusun-Uygulama-Rehberi-01-283x400.png 283w, https:\/\/www.sivildusun.net\/yedek18062024\/wp-content\/uploads\/2023\/11\/Sivil-Dusun-Uygulama-Rehberi-01-768x1086.png 768w, https:\/\/www.sivildusun.net\/yedek18062024\/wp-content\/uploads\/2023\/11\/Sivil-Dusun-Uygulama-Rehberi-01-1086x1536.png 1086w, https:\/\/www.sivildusun.net\/yedek18062024\/wp-content\/uploads\/2023\/11\/Sivil-Dusun-Uygulama-Rehberi-01-1448x2048.png 1448w, https:\/\/www.sivildusun.net\/yedek18062024\/wp-content\/uploads\/2023\/11\/Sivil-Dusun-Uygulama-Rehberi-01.png 1654w\" sizes=\"(max-width: 724px) 100vw, 724px\" \/>\t\t\t\t\t\t\n\t\t\t\t\t<\/div>\n\t\t\t\t\t\t<\/a>\t\t\n<style>\n#image_2058077927 {\n  width: 50%;\n}\n<\/style>\n\t<\/div>\n\t\n\n\n\t\t<\/div>\n\t\t\t\t\n<style>\n#col-278629253 > .col-inner {\n  margin: -20px 0px 0px 0px;\n}\n<\/style>\n\t<\/div>\n\n\t\n\n\t<div id=\"col-318029692\" class=\"col medium-8 small-12 large-8\"  >\n\t\t\t\t<div class=\"col-inner\"  >\n\t\t\t\n\t\t\t\n\n\t<div id=\"text-2287489548\" class=\"text black-link\">\n\t\t\n\n<h4><a class=\"_df_custom \" id=\"df_27480\" href=\"#\"  data-title=\"uygulama-rehberi\" _slug=\"uygulama-rehberi\" wpoptions=\"true\" thumb=\"https:\/\/www.sivildusun.net\/yedek18062024\/wp-content\/uploads\/2023\/11\/Sivil-Dusun-Uygulama-Rehberi-01.png\" thumbtype=\"bg\" >Uygulama Rehberi<\/a><script class=\"df-shortcode-script\" type=\"application\/javascript\">window.option_df_27480 = {\"outline\":[],\"forceFit\":\"true\",\"autoEnableOutline\":\"false\",\"autoEnableThumbnail\":\"false\",\"overwritePDFOutline\":\"false\",\"direction\":\"1\",\"pageSize\":\"0\",\"source\":\"https:\\\/\\\/www.sivildusun.net\\\/yedek18062024\\\/wp-content\\\/uploads\\\/2024\\\/01\\\/Sivil-Dusun-Uygulama-Rehberi-2024.pdf\",\"wpOptions\":\"true\"}; if(window.DFLIP && window.DFLIP.parseBooks){window.DFLIP.parseBooks();}<\/script><\/h4>\n<div>Ba\u015fvurunuz onayland\u0131ktan sonra \u00e7al\u0131\u015fmalar\u0131n\u0131z\u0131 hayata ge\u00e7irirken \u00f6n\u00fcn\u00fczde hangi ad\u0131mlar var, harcamalar\u0131n\u0131z nas\u0131l kar\u015f\u0131lan\u0131yor, tedarik\u00e7ilerle ileti\u015fim nas\u0131l y\u00fcr\u00fct\u00fcl\u00fcyor, uzmanlarla nas\u0131l \u00e7al\u0131\u015f\u0131l\u0131yor gibi bir\u00e7ok y\u00f6nlendirici detay\u0131 bulabilirsiniz.<\/div>\n\t\t\t<\/div>\n\t\n\t<div id=\"gap-851070660\" class=\"gap-element clearfix\" style=\"display:block; height:auto;\">\n\t\t\n<style>\n#gap-851070660 {\n  padding-top: 30px;\n}\n<\/style>\n\t<\/div>\n\t\n\n<div class=\"accordion\">\n\n\t<div id=\"accordion-3545300029\" class=\"accordion-item\">\n\t\t<a id=\"accordion-3545300029-label\" class=\"accordion-title plain\" href=\"#accordion-item-uygulama-rehberi-ekleri\" aria-expanded=\"false\" aria-controls=\"accordion-3545300029-content\" >\n\t\t\t<button class=\"toggle\" aria-label=\"A\u00e7\/Kapat\"><i class=\"icon-angle-down\"><\/i><\/button>\n\t\t\t<span>Uygulama Rehberi Ekleri<\/span>\n\t\t<\/a>\n\t\t<div id=\"accordion-3545300029-content\" class=\"accordion-inner\" aria-labelledby=\"accordion-3545300029-label\" >\n\t\t\t\n\n<p><strong>Uygulama s\u0131ras\u0131nda kullan\u0131lan belgeler ve y\u00f6nlendirmeler<\/strong><\/p>\n<ul>\n<li><a href=\"https:\/\/www.sivildusun.net\/yedek18062024\/wp-content\/uploads\/2022\/04\/EK-1-AB-Deg\u0306erleri-ve-Go\u0308ru\u0308nu\u0308rlu\u0308k-Kontrol-Listesi.docx\" target=\"_blank\" rel=\"noopener\">EK-1- AB Deg\u0306erleri ve Go\u0308ru\u0308nu\u0308rlu\u0308k Kontrol Listesi<\/a><\/li>\n<li><a href=\"https:\/\/www.sivildusun.net\/yedek18062024\/wp-content\/uploads\/2022\/04\/EK-2-C\u0327alis\u0327ma-Sahibi-Onay-ve-Beyani.docx\" target=\"_blank\" rel=\"noopener\">EK-2- C\u0327al\u0131s\u0327ma Sahibi Onay ve Beyan\u0131<\/a><\/li>\n<li><a href=\"https:\/\/www.sivildusun.net\/yedek18062024\/wp-content\/uploads\/2022\/04\/EK-3-Faaliyet-Planlama-Formu-1.docx\" target=\"_blank\" rel=\"noopener\">EK-3- Faaliyet Planlama Formu<\/a><\/li>\n<li><a href=\"https:\/\/www.sivildusun.net\/yedek18062024\/wp-content\/uploads\/2022\/08\/EK-4-Seyahat-Formu-.xlsx\">EK-4 Seyahat Formu<\/a><\/li>\n<li><a href=\"https:\/\/www.sivildusun.net\/yedek18062024\/wp-content\/uploads\/2022\/04\/EK-5-Dijital-ve-Basili-Materyal-ic\u0327in-Hizmet-Talep-Etme-Formu.docx\" target=\"_blank\" rel=\"noopener\">EK-5- Dijital ve Bas\u0131l\u0131 Materyal ic\u0327in Hizmet Talep Etme Formu<\/a><\/li>\n<li><a href=\"https:\/\/www.sivildusun.net\/yedek18062024\/wp-content\/uploads\/2022\/04\/EK-6-Go\u0308rsel-ve-I\u0307s\u0327itsel-Materyaller-ic\u0327in-Hizmet-Talep-Etme-Formu.docx\" target=\"_blank\" rel=\"noopener\">EK-6- Go\u0308rsel ve I\u0307s\u0327itsel Materyaller ic\u0327in Hizmet Talep Etme Formu<\/a><\/li>\n<li><a href=\"https:\/\/www.sivildusun.net\/yedek18062024\/wp-content\/uploads\/2022\/04\/EK-7-Etkinlik-Planlama-Formu.docx\" target=\"_blank\" rel=\"noopener\">EK-7- Etkinlik Planlama Formu<\/a><\/li>\n<li><a href=\"https:\/\/www.sivildusun.net\/yedek18062024\/wp-content\/uploads\/2022\/04\/EK-8-Teklif-Formu.docx\" target=\"_blank\" rel=\"noopener\">EK-8- Teklif Formu<\/a><\/li>\n<li><a href=\"https:\/\/www.sivildusun.net\/yedek18062024\/wp-content\/uploads\/2022\/04\/EK-9-Fatura-Bilgileri.docx\" target=\"_blank\" rel=\"noopener\">EK-9- Fatura Bilgileri<\/a><\/li>\n<li><a href=\"https:\/\/www.sivildusun.net\/yedek18062024\/wp-content\/uploads\/2022\/04\/EK-10-KDV-I\u0307stisna-Belgesi.pdf\" target=\"_blank\" rel=\"noopener\">EK-10- KDV I\u0307stisna Belgesi<\/a><\/li>\n<li><a href=\"https:\/\/www.sivildusun.net\/yedek18062024\/wp-content\/uploads\/2024\/06\/EK-11-Tedarik-Sozlesmesi.docx\">EK-11-Tedarik S\u00f6zle\u015fmesi<\/a><\/li>\n<li><a href=\"https:\/\/www.sivildusun.net\/yedek18062024\/wp-content\/uploads\/2022\/04\/EK-12-Fotog\u0306raf-Video-Ses-I\u0307zin-Belgesi.docx\" target=\"_blank\" rel=\"noopener\">EK-12- Fotog\u0306raf, Video, Ses I\u0307zin Belgesi<\/a><\/li>\n<li><a href=\"https:\/\/www.sivildusun.net\/yedek18062024\/wp-content\/uploads\/2022\/09\/EK-13-I\u0307mza-Formu.docx\">EK-13- I\u0307mza Formu<\/a><\/li>\n<li><a href=\"https:\/\/www.sivildusun.net\/yedek18062024\/wp-content\/uploads\/2023\/11\/EK-14-Destekleyici-Dokumanlar-Butun-Kalemler-1.pdf\">EK-14- Destekleyici Dok\u00fcmanlar<\/a><\/li>\n<\/ul>\n\n\t\t<\/div>\n\t<\/div>\n\t\n\n<\/div>\n\n\t\t<\/div>\n\t\t\t\t\t<\/div>\n\n\t\n\n<\/div>\n<div class=\"row\"  id=\"row-555871936\">\n\n\n\t<div id=\"col-510318823\" class=\"col medium-4 small-12 large-4\"  >\n\t\t\t\t<div class=\"col-inner text-center\"  >\n\t\t\t\n\t\t\t\n\n\t<div class=\"img has-hover x md-x lg-x y md-y lg-y\" id=\"image_1199739854\">\n\t\t<a class=\"\" href=\"https:\/\/www.sivildusun.net?wpdmdl=27292&amp;ind=1630052416267\" target=\"_blank\" rel=\"noopener\" >\t\t\t\t\t\t<div class=\"img-inner image-color dark\" >\n\t\t\t<img decoding=\"async\" width=\"300\" height=\"424\" src=\"https:\/\/www.sivildusun.net\/yedek18062024\/wp-content\/uploads\/2021\/09\/Gorunurluk-Rehberi-kapak-tek.jpg\" class=\"attachment-large size-large\" alt=\"\" srcset=\"https:\/\/www.sivildusun.net\/yedek18062024\/wp-content\/uploads\/2021\/09\/Gorunurluk-Rehberi-kapak-tek.jpg 300w, https:\/\/www.sivildusun.net\/yedek18062024\/wp-content\/uploads\/2021\/09\/Gorunurluk-Rehberi-kapak-tek-283x400.jpg 283w\" sizes=\"(max-width: 300px) 100vw, 300px\" \/>\t\t\t\t\t\t\n\t\t\t\t\t<\/div>\n\t\t\t\t\t\t<\/a>\t\t\n<style>\n#image_1199739854 {\n  width: 50%;\n}\n<\/style>\n\t<\/div>\n\t\n\n\n\t\t<\/div>\n\t\t\t\t\n<style>\n#col-510318823 > .col-inner {\n  margin: -20px 0px 0px 0px;\n}\n<\/style>\n\t<\/div>\n\n\t\n\n\t<div id=\"col-841794021\" class=\"col medium-8 small-12 large-8\"  >\n\t\t\t\t<div class=\"col-inner\"  >\n\t\t\t\n\t\t\t\n\n\t<div id=\"text-1265908823\" class=\"text black-link\">\n\t\t\n\n<h4><a class=\"_df_custom \" id=\"df_27479\" href=\"#\"  data-title=\"sivil-dusun-gorunurluk-rehberi\" _slug=\"gorunurluk-rehberi\" wpoptions=\"true\" thumb=\"https:\/\/www.sivildusun.net\/yedek18062024\/wp-content\/uploads\/2021\/09\/Gorunurluk-Rehberi-kapak-tek.jpg\" thumbtype=\"bg\" >Sivil D\u00fc\u015f\u00fcn G\u00f6r\u00fcn\u00fcrl\u00fck Rehberi<\/a><script class=\"df-shortcode-script\" type=\"application\/javascript\">window.option_df_27479 = {\"outline\":[],\"forceFit\":\"true\",\"autoEnableOutline\":\"false\",\"autoEnableThumbnail\":\"false\",\"overwritePDFOutline\":\"false\",\"direction\":\"1\",\"pageSize\":\"0\",\"source\":\"https:\\\/\\\/www.sivildusun.net\\\/yedek18062024\\\/wp-content\\\/uploads\\\/2024\\\/02\\\/Sivil-Dusun-Gorunurluk-Rehberi-2024.pdf\",\"wpOptions\":\"true\"}; if(window.DFLIP && window.DFLIP.parseBooks){window.DFLIP.parseBooks();}<\/script><\/h4>\n<div>\u00c7al\u0131\u015fman\u0131z\u0131 hayata ge\u00e7irirken g\u00f6zetmeniz gereken g\u00f6r\u00fcn\u00fcrl\u00fck kurallar\u0131n\u0131 i\u00e7erir.<\/div>\n<div><\/div>\n\t\t\t<\/div>\n\t\n\n\t\t<\/div>\n\t\t\t\t\t<\/div>\n\n\t\n\n<\/div>\n<div class=\"row\"  id=\"row-434029213\">\n\n\n\t<div id=\"col-38148166\" class=\"col medium-4 small-12 large-4\"  >\n\t\t\t\t<div class=\"col-inner text-center\"  >\n\t\t\t\n\t\t\t\n\n\t<div class=\"img has-hover x md-x lg-x y md-y lg-y\" id=\"image_620242731\">\n\t\t\t\t\t\t\t\t<div class=\"img-inner image-color dark\" >\n\t\t\t<img loading=\"lazy\" decoding=\"async\" width=\"141\" height=\"200\" src=\"https:\/\/www.sivildusun.net\/yedek18062024\/wp-content\/uploads\/2023\/03\/basvuruformu.png\" class=\"attachment-large size-large\" alt=\"\" \/>\t\t\t\t\t\t\n\t\t\t\t\t<\/div>\n\t\t\t\t\t\t\t\t\n<style>\n#image_620242731 {\n  width: 50%;\n}\n<\/style>\n\t<\/div>\n\t\n\n\n\t\t<\/div>\n\t\t\t\t\t<\/div>\n\n\t\n\n\t<div id=\"col-1531962788\" class=\"col medium-8 small-12 large-8\"  >\n\t\t\t\t<div class=\"col-inner\"  >\n\t\t\t\n\t\t\t\n\n<h4><strong>Ba\u015fvuru Formlar\u0131<\/strong><\/h4>\n<div>Ba\u015fvurular, Sivil D\u00fc\u015f\u00fcn Bilgi Sistemi \u00fczerinden yap\u0131l\u0131r. Teknik nedenler dolay\u0131s\u0131yla sisteme eri\u015fiminiz yoksa, a\u015fa\u011f\u0131dan ilgili formu indirip doldurarak yard\u0131m masas\u0131na iletebilir ve ba\u015fvuru yapabilirsiniz. Ba\u015fvuru sorular\u0131n\u0131 incelemek ve ba\u015fvuru denemesi yapmak isterseniz, yine bu formlardan faydalanabilirsiniz.<\/div>\n<div class=\"accordion\">\n\n\t<div id=\"accordion-925617631\" class=\"accordion-item\">\n\t\t<a id=\"accordion-925617631-label\" class=\"accordion-title plain\" href=\"#accordion-item-ba\u015fvuru-formlar\u0131\" aria-expanded=\"false\" aria-controls=\"accordion-925617631-content\" >\n\t\t\t<button class=\"toggle\" aria-label=\"A\u00e7\/Kapat\"><i class=\"icon-angle-down\"><\/i><\/button>\n\t\t\t<span>Ba\u015fvuru Formlar\u0131<\/span>\n\t\t<\/a>\n\t\t<div id=\"accordion-925617631-content\" class=\"accordion-inner\" aria-labelledby=\"accordion-925617631-label\" >\n\t\t\t\n\n<p><a href=\"https:\/\/www.sivildusun.net\/yedek18062024\/wp-content\/uploads\/2024\/04\/Aktivistler-icin-Gelistir-Kategorisi.docx\">Aktivistler ic\u0327in Gelis\u0327tir Kategorisi<\/a><\/p>\n<p><a href=\"https:\/\/www.sivildusun.net\/yedek18062024\/wp-content\/uploads\/2024\/04\/Aktivistler-icin-Etkile-Kategorisi.docx\">Aktivistler ic\u0327in Etkile Kategorisi<\/a><\/p>\n<p><a href=\"https:\/\/www.sivildusun.net\/yedek18062024\/wp-content\/uploads\/2024\/04\/Aktivistler-icin-Duyur-Kategorisi.docx\">Aktivistler ic\u0327in Duyur Kategorisi<\/a><\/p>\n<p><a href=\"https:\/\/www.sivildusun.net\/yedek18062024\/wp-content\/uploads\/2024\/06\/Aktivistler-icin-Guclen-Kategorisi.docx\">Aktivistler ic\u0327in Gu\u0308c\u0327len Kategorisi<\/a><\/p>\n<p><a href=\"https:\/\/www.sivildusun.net\/yedek18062024\/wp-content\/uploads\/2024\/04\/STOler-icin-Gelistir-Kategorisi.docx\">STO\u0308'ler ic\u0327in Gelis\u0327tir Kategorisi<\/a><\/p>\n<p><a href=\"https:\/\/www.sivildusun.net\/yedek18062024\/wp-content\/uploads\/2024\/04\/STOler-icin-Etkile-Kategorisi.docx\">STO\u0308'ler ic\u0327in Etkile Kategorisi<\/a><\/p>\n<p><a href=\"https:\/\/www.sivildusun.net\/yedek18062024\/wp-content\/uploads\/2024\/04\/STOler-icin-Duyur-Kategorisi.docx\">STO\u0308'ler ic\u0327in Duyur Kategorisi<\/a><\/p>\n<p><a href=\"https:\/\/www.sivildusun.net\/yedek18062024\/wp-content\/uploads\/2024\/04\/STOler-icin-Guclen-Kategorisi.docx\">STO\u0308'ler ic\u0327in Gu\u0308c\u0327len Kategorisi<\/a><\/p>\n<p>\u00a0<\/p>\n<p>\u00a0<\/p>\n\n\t\t<\/div>\n\t<\/div>\n\t\n\t<div id=\"accordion-1385193729\" class=\"accordion-item\">\n\t\t<a id=\"accordion-1385193729-label\" class=\"accordion-title plain\" href=\"#accordion-item-ekler\" aria-expanded=\"false\" aria-controls=\"accordion-1385193729-content\" >\n\t\t\t<button class=\"toggle\" aria-label=\"A\u00e7\/Kapat\"><i class=\"icon-angle-down\"><\/i><\/button>\n\t\t\t<span>Ekler<\/span>\n\t\t<\/a>\n\t\t<div id=\"accordion-1385193729-content\" class=\"accordion-inner\" aria-labelledby=\"accordion-1385193729-label\" >\n\t\t\t\n\n<p><a href=\"https:\/\/www.sivildusun.net\/yedek18062024\/wp-content\/uploads\/2024\/04\/Basvuru-Rehberi_EK_Harcama-Kalemleri-ve-Teknik-Bilgiler_TR_2024.pdf\">Harcama Kalemleri ve Teknik Bilgiler<\/a><\/p>\n\n\t\t<\/div>\n\t<\/div>\n\t\n\n<\/div>\n\n\t\t<\/div>\n\t\t\t\t\t<\/div>\n\n\t\n\n<\/div>\n\t\t<\/div>\n\t\t\t\t\n<style>\n#col-391703634 > .col-inner {\n  padding: 30px 30px 30px 30px;\n  border-radius: 8px;\n}\n<\/style>\n\t<\/div>\n\n\t\n<\/div>\n\t\t<\/div>\n\t\t\t\t\t<\/div>\n\n\t\n<\/div>\n\t\t<\/div>\n\n\t\t\n<style>\n#section_664590689 {\n  padding-top: 30px;\n  padding-bottom: 30px;\n}\n<\/style>\n\t<\/section>\n\t\n","protected":false},"excerpt":{"rendered":"","protected":false},"author":6,"featured_media":177,"parent":31091,"menu_order":1,"comment_status":"closed","ping_status":"closed","template":"page-single-page-nav.php","meta":{"footnotes":""},"_links":{"self":[{"href":"https:\/\/www.sivildusun.net\/yedek18062024\/wp-json\/wp\/v2\/pages\/31060"}],"collection":[{"href":"https:\/\/www.sivildusun.net\/yedek18062024\/wp-json\/wp\/v2\/pages"}],"about":[{"href":"https:\/\/www.sivildusun.net\/yedek18062024\/wp-json\/wp\/v2\/types\/page"}],"author":[{"embeddable":true,"href":"https:\/\/www.sivildusun.net\/yedek18062024\/wp-json\/wp\/v2\/users\/6"}],"replies":[{"embeddable":true,"href":"https:\/\/www.sivildusun.net\/yedek18062024\/wp-json\/wp\/v2\/comments?post=31060"}],"version-history":[{"count":0,"href":"https:\/\/www.sivildusun.net\/yedek18062024\/wp-json\/wp\/v2\/pages\/31060\/revisions"}],"up":[{"embeddable":true,"href":"https:\/\/www.sivildusun.net\/yedek18062024\/wp-json\/wp\/v2\/pages\/31091"}],"wp:featuredmedia":[{"embeddable":true,"href":"https:\/\/www.sivildusun.net\/yedek18062024\/wp-json\/wp\/v2\/media\/177"}],"wp:attachment":[{"href":"https:\/\/www.sivildusun.net\/yedek18062024\/wp-json\/wp\/v2\/media?parent=31060"}],"curies":[{"name":"wp","href":"https:\/\/api.w.org\/{rel}","templated":true}]}}