{"id":34215,"date":"2024-02-09T00:29:16","date_gmt":"2024-02-08T21:29:16","guid":{"rendered":"https:\/\/www.sivildusun.net\/?page_id=34215"},"modified":"2024-02-19T13:54:02","modified_gmt":"2024-02-19T10:54:02","slug":"bidusun","status":"publish","type":"page","link":"https:\/\/www.sivildusun.net\/yedek18062024\/bidusun\/","title":{"rendered":"bid\u00fc\u015f\u00fcn"},"content":{"rendered":"\t\t<div data-elementor-type=\"wp-page\" data-elementor-id=\"34215\" class=\"elementor elementor-34215\" data-elementor-post-type=\"page\">\n\t\t\t\t\t\t<section class=\"elementor-section elementor-top-section elementor-element elementor-element-6432a7c8 elementor-section-boxed elementor-section-height-default elementor-section-height-default\" data-id=\"6432a7c8\" data-element_type=\"section\">\n\t\t\t\t\t\t<div class=\"elementor-container elementor-column-gap-default\">\n\t\t\t\t\t<div class=\"elementor-column elementor-col-100 elementor-top-column elementor-element elementor-element-1afeeb5e\" data-id=\"1afeeb5e\" data-element_type=\"column\">\n\t\t\t<div class=\"elementor-widget-wrap elementor-element-populated\">\n\t\t\t\t\t\t<div class=\"elementor-element elementor-element-314a6c9d elementor-widget elementor-widget-shortcode\" data-id=\"314a6c9d\" data-element_type=\"widget\" data-widget_type=\"shortcode.default\">\n\t\t\t\t<div class=\"elementor-widget-container\">\n\t\t\t\t\t<div class=\"elementor-shortcode\">\n    <script src=\"https:\/\/code.jquery.com\/jquery-3.7.1.min.js\" integrity=\"sha256-\/JqT3SQfawRcv\/BIHPThkBvs0OEvtFFmqPF\/lYI\/Cxo=\" crossorigin=\"anonymous\"><\/script>\n    <link rel=\"stylesheet\" href=\"https:\/\/cdnjs.cloudflare.com\/ajax\/libs\/font-awesome\/6.5.1\/css\/all.min.css\">\n    <link rel=\"stylesheet\" href=\"https:\/\/www.sivildusun.net\/yedek18062024\/wp-content\/plugins\/wp-wordle\/assets\/frontend.css?1777719379\">\n<script>\n    var PLUGIN_URL = \"https:\/\/www.sivildusun.net\/yedek18062024\/wp-content\/plugins\/wp-wordle\/frontend.php\";\n<\/script>\n\n    <script src=\"https:\/\/cdn.svgator.com\/ply\/91c80d77.js?v=2022-05-04\" ><\/script>\n    <script src=\"https:\/\/www.sivildusun.net\/yedek18062024\/wp-content\/plugins\/wp-wordle\/assets\/script.js?1777719379\" ><\/script>\n    <script src=\"https:\/\/www.sivildusun.net\/yedek18062024\/wp-content\/plugins\/wp-wordle\/assets\/countdown.js?1777719379\" ><\/script>\n\n<style>\n    .text-end {\n        text-align:right\n    }\n    .text-center {\n        text-align:center\n    }\n    .dflex{\n        display: flex;\n        align-items: center;\n        flex-direction: column;\n    }\n<\/style>\n\n<div class=\"row\">\n    <div class=\"col large-12 medium-12 small-12 continued\">\n        <div class=\"col small-12 medium-12 process\"> <\/div>\n        <div class=\"small-12 medium-12 dflex\" >\n            <div class=\"col small-12 medium-8 topbar\" style=\"display:flex\">\n                <div class=\"small-9 medium-9 score title\">S\u00dcRE : <span class=\"time title\"><\/span> <\/div>\n                <div class=\"small-3 medium-3 text-end settings\"><i class=\"fa fa-cog\"><\/i><\/div>\n            <\/div>\n        <\/div>\n        <div class=\"medium-12 small-12 dflex\" style=\"padding-top:2em\">\n            <div class=\"medium-8 small-12 text-center title\"> G\u00dcN\u00dcN BULMACASI <\/div>\n        <\/div>\n        <div class=\"medium-12 small-12 dflex\"  style=\"padding-top:15px\">\n            <div class=\"col medium-8 small-12 boxes text-center\"><\/div>\n        <\/div>\n        <div class=\"medium-12 small-12 dflex\">\n            <div class=\"medium-12 small-12 text-center title\" > HARF SE\u00c7 <\/div>\n        <\/div>\n        <div class=\"medium-12 small-12 dflex\" style=\"padding-top:15px\">\n            <div class=\"col medium-8 small-12 anagram text-center\"><\/div>\n        <\/div>\n        <div class=\"medium-12 small-12 dflex\">\n            <div class=\"medium-8 small-12 buttons text-center\">\n                <button class=\"button primary submit\">G\u00f6nder<\/button>\n                <button class=\"btn refresh\"><i class=\"fa fa-refresh\"><\/i> Temizle<\/button>\n            <\/div>\n        <\/div>\n    <\/div>\n\n    <div class=\"col large-12 medium-12 small-12 completed\">\n        <div class=\"medium-12 small-12\">\n            <div class=\"medium-8 small-12 offset-2 topbar\">\n            <\/div>\n        <\/div>\n\n\n        <div class=\"col large-12 medium-12 small-12 dflex\" >\n            <div clasS=\"medium-12 small-12  text-center completed-title mb-3\"><\/div>\n            <div clasS=\"medium-12 small-12  text-center completed-score-title mb-1\">S\u00fcre<\/div>\n            <div clasS=\"medium-12 small-12  text-center completed-score mb-4\"><\/div>\n            <div clasS=\"col medium-12 small-12  text-center completed-share mb-2\">\n\n                <div class=\"  share medium-12 small-12\">\n                    <span>Skorunu Payla\u015f <i class=\"fa fa-share-alt\"><\/i><\/span>\n                    <nav>\n                        <a href=\"https:\/\/twitter.com\/intent\/tweet?url={URL}\"\n                           target=\"_blank\" class=\"twitter\" target=\"_blank\"><i class=\"fa-brands fa-x-twitter\"><\/i><\/a>\n                        <a href=\"https:\/\/www.facebook.com\/sharer\/sharer.php?u={URL}&t=Bi' D\u00fc\u015f\u00fcn&title=test\"\n                           \n                           target=\"_blank\" class=\"facebook\" ><i class=\"fa-brands fa-facebook-f\"><\/i><\/a>\n                           \n                        <a href=\"https:\/\/www.linkedin.com\/sharing\/share-offsite\/?url={URL}\n\" class=\"linkedin\" \n                           target=\"_blank\"><i class=\"fa-brands fa-linkedin-in\"><\/i><\/a>\n                        <a href=\"https:\/\/api.whatsapp.com\/send?text={TEXT}\"\n                           \n                           target=\"_blank\" class=\"whatsapp\" ><i class=\"fa-brands fa-whatsapp\"><\/i><\/a>\n                        <a href=\"#\" class=\"copy\"><i class=\"fa fa-copy\"><\/i><\/a>\n                    <\/nav>\n                <\/div>\n            <\/div>\n            <div clasS=\"medium-6 small-12 text-center title completed-text\" style=\"margin-top:0px\">Sonraki c\u00fcmlede g\u00f6r\u00fc\u015fmek \u00fczere<\/div>\n            <!--<div clasS=\"medium-12 small-12 dflex text-center title completed-input\" >\n                <div clasS=\" medium-7 small-12 text-center title completed-input\">\n                    <form action=\"\" method=\"post\">\n                        <label>Sonraki bulmacadan haberiniz olsun<\/label>\n                        <input type=\"email\"  name=\"subscriptionemail\" id=\"subscriptionemail\" placeholder=\"e-posta adresi\" required>\n\t\t\t\t\t\t<div class=\"medium-12 small-12 text-left\" style=\"margin-bottom:1.5em\">\n\t\t\t\t\t\t\t<input type=\"checkbox\"  name=\"check\" id=\"check\" placeholder=\"e-posta adresi\" required> \n\t\t\t\t\t\t\t<label for=\"check\">Ki\u015fisel Verilerin Korunmas\u0131 Kanunu ile ilgili <a href=\"https:\/\/www.sivildusun.net\/kisisel-verilerin-islenmesine-iliskin-aydinlatma-ve-riza-metni\/\" target=\"_blank\">Ayd\u0131nlatma ve R\u0131za Metni<\/a>'ni okudum ve \u015fartlar\u0131n\u0131\u00a0kabul\u00a0ediyorum<\/label>\n\t\t\t\t\t\t<\/div>\n                        <input type=\"submit\" class=\"button primary\" value=\"Kaydol\">\n\n                    <\/form>\n                <\/div>\n            <\/div>-->\n        <\/div>\n    <\/div>\n\n<\/div>\n<\/div>\n\t\t\t\t<\/div>\n\t\t\t\t<\/div>\n\t\t\t\t<div class=\"elementor-element elementor-element-13c954d elementor-widget elementor-widget-button\" data-id=\"13c954d\" data-element_type=\"widget\" data-widget_type=\"button.default\">\n\t\t\t\t<div class=\"elementor-widget-container\">\n\t\t\t\t\t<div class=\"elementor-button-wrapper\">\n\t\t\t<a class=\"elementor-button elementor-button-link elementor-size-sm\" href=\"#elementor-action%3Aaction%3Dpopup%3Aopen%26settings%3DeyJpZCI6IjM0MjI3IiwidG9nZ2xlIjpmYWxzZX0%3D\" id=\"helpbuton\">\n\t\t\t\t\t\t<span class=\"elementor-button-content-wrapper\">\n\t\t\t\t\t\t\t\t\t<span class=\"elementor-button-text\">Buraya t\u0131kla<\/span>\n\t\t\t\t\t<\/span>\n\t\t\t\t\t<\/a>\n\t\t<\/div>\n\t\t\t\t<\/div>\n\t\t\t\t<\/div>\n\t\t\t\t<div class=\"elementor-element elementor-element-662c2e3 animated-slow elementor-invisible elementor-widget elementor-widget-image\" data-id=\"662c2e3\" data-element_type=\"widget\" data-settings=\"{&quot;_animation&quot;:&quot;fadeIn&quot;,&quot;_animation_delay&quot;:600}\" data-widget_type=\"image.default\">\n\t\t\t\t<div class=\"elementor-widget-container\">\n\t\t\t\t\t\t\t\t\t\t\t\t\t<img fetchpriority=\"high\" decoding=\"async\" width=\"400\" height=\"400\" src=\"https:\/\/www.sivildusun.net\/yedek18062024\/wp-content\/uploads\/2024\/02\/bidusun-400x400.png\" class=\"attachment-medium size-medium wp-image-34339\" alt=\"\" srcset=\"https:\/\/www.sivildusun.net\/yedek18062024\/wp-content\/uploads\/2024\/02\/bidusun-400x400.png 400w, https:\/\/www.sivildusun.net\/yedek18062024\/wp-content\/uploads\/2024\/02\/bidusun-1024x1024.png 1024w, https:\/\/www.sivildusun.net\/yedek18062024\/wp-content\/uploads\/2024\/02\/bidusun-150x150.png 150w, https:\/\/www.sivildusun.net\/yedek18062024\/wp-content\/uploads\/2024\/02\/bidusun-768x768.png 768w, https:\/\/www.sivildusun.net\/yedek18062024\/wp-content\/uploads\/2024\/02\/bidusun-1536x1536.png 1536w, https:\/\/www.sivildusun.net\/yedek18062024\/wp-content\/uploads\/2024\/02\/bidusun-2048x2048.png 2048w, https:\/\/www.sivildusun.net\/yedek18062024\/wp-content\/uploads\/2024\/02\/bidusun-300x300.png 300w\" sizes=\"(max-width: 400px) 100vw, 400px\" \/>\t\t\t\t\t\t\t\t\t\t\t\t\t<\/div>\n\t\t\t\t<\/div>\n\t\t\t\t\t<\/div>\n\t\t<\/div>\n\t\t\t\t\t<\/div>\n\t\t<\/section>\n\t\t\t\t<\/div>\n\t\t","protected":false},"excerpt":{"rendered":"<p>Buraya t\u0131kla<\/p>\n","protected":false},"author":1,"featured_media":23567,"parent":0,"menu_order":0,"comment_status":"closed","ping_status":"closed","template":"elementor_header_footer","meta":{"footnotes":""},"_links":{"self":[{"href":"https:\/\/www.sivildusun.net\/yedek18062024\/wp-json\/wp\/v2\/pages\/34215"}],"collection":[{"href":"https:\/\/www.sivildusun.net\/yedek18062024\/wp-json\/wp\/v2\/pages"}],"about":[{"href":"https:\/\/www.sivildusun.net\/yedek18062024\/wp-json\/wp\/v2\/types\/page"}],"author":[{"embeddable":true,"href":"https:\/\/www.sivildusun.net\/yedek18062024\/wp-json\/wp\/v2\/users\/1"}],"replies":[{"embeddable":true,"href":"https:\/\/www.sivildusun.net\/yedek18062024\/wp-json\/wp\/v2\/comments?post=34215"}],"version-history":[{"count":0,"href":"https:\/\/www.sivildusun.net\/yedek18062024\/wp-json\/wp\/v2\/pages\/34215\/revisions"}],"wp:featuredmedia":[{"embeddable":true,"href":"https:\/\/www.sivildusun.net\/yedek18062024\/wp-json\/wp\/v2\/media\/23567"}],"wp:attachment":[{"href":"https:\/\/www.sivildusun.net\/yedek18062024\/wp-json\/wp\/v2\/media?parent=34215"}],"curies":[{"name":"wp","href":"https:\/\/api.w.org\/{rel}","templated":true}]}}